{"id":974,"date":"2026-02-12T16:00:03","date_gmt":"2026-02-12T15:00:03","guid":{"rendered":"https:\/\/adventureyankee.com\/?post_type=product&#038;p=974"},"modified":"2026-02-14T14:20:42","modified_gmt":"2026-02-14T13:20:42","slug":"bateria-traxxas-lipo-3s-6400mah","status":"publish","type":"product","link":"https:\/\/adventureyankee.com\/?product=bateria-traxxas-lipo-3s-6400mah","title":{"rendered":"Bater\u00eda Traxxas Lipo 3S 6400mAh"},"content":{"rendered":"<p class=\"p1\">La bater\u00eda de LiPo de 3 celdas, 6400 mAh, 11,1 V y 25 C es una bater\u00eda de alto rendimiento dise\u00f1ada espec\u00edficamente para veh\u00edculos de control remoto, particularmente los de Traxxas. Esta bater\u00eda es una excelente opci\u00f3n para los entusiastas de RC que buscan mejorar el rendimiento de su veh\u00edculo con energ\u00eda confiable y un tiempo de funcionamiento prolongado.<\/p>\n","protected":false},"excerpt":{"rendered":"<p class=\"p1\">Capacidad: 6400 mAh<br \/>\nVoltaje: 11,1 V<br \/>\nConfiguraci\u00f3n: 3 celdas (3S)<br \/>\nTasa de descarga: 25 C<br \/>\nTipo de conector: Conector Traxxas iD\u00ae<\/p>\n","protected":false},"featured_media":1062,"comment_status":"open","ping_status":"closed","template":"","meta":[],"product_brand":[],"product_cat":[409,43],"product_tag":[],"class_list":{"0":"post-974","1":"product","2":"type-product","3":"status-publish","4":"has-post-thumbnail","6":"product_cat-competencia","7":"product_cat-traxxas","9":"first","10":"instock","11":"shipping-taxable","12":"purchasable","13":"product-type-simple"},"_links":{"self":[{"href":"https:\/\/adventureyankee.com\/index.php?rest_route=\/wp\/v2\/product\/974","targetHints":{"allow":["GET"]}}],"collection":[{"href":"https:\/\/adventureyankee.com\/index.php?rest_route=\/wp\/v2\/product"}],"about":[{"href":"https:\/\/adventureyankee.com\/index.php?rest_route=\/wp\/v2\/types\/product"}],"replies":[{"embeddable":true,"href":"https:\/\/adventureyankee.com\/index.php?rest_route=%2Fwp%2Fv2%2Fcomments&post=974"}],"wp:featuredmedia":[{"embeddable":true,"href":"https:\/\/adventureyankee.com\/index.php?rest_route=\/wp\/v2\/media\/1062"}],"wp:attachment":[{"href":"https:\/\/adventureyankee.com\/index.php?rest_route=%2Fwp%2Fv2%2Fmedia&parent=974"}],"wp:term":[{"taxonomy":"product_brand","embeddable":true,"href":"https:\/\/adventureyankee.com\/index.php?rest_route=%2Fwp%2Fv2%2Fproduct_brand&post=974"},{"taxonomy":"product_cat","embeddable":true,"href":"https:\/\/adventureyankee.com\/index.php?rest_route=%2Fwp%2Fv2%2Fproduct_cat&post=974"},{"taxonomy":"product_tag","embeddable":true,"href":"https:\/\/adventureyankee.com\/index.php?rest_route=%2Fwp%2Fv2%2Fproduct_tag&post=974"}],"curies":[{"name":"wp","href":"https:\/\/api.w.org\/{rel}","templated":true}]}}