{"id":973,"date":"2026-02-12T16:00:03","date_gmt":"2026-02-12T15:00:03","guid":{"rendered":"https:\/\/adventureyankee.com\/?post_type=product&#038;p=973"},"modified":"2026-02-12T16:01:20","modified_gmt":"2026-02-12T15:01:20","slug":"bateria-traxxas-lipo-s2-5000-mah","status":"publish","type":"product","link":"https:\/\/adventureyankee.com\/?product=bateria-traxxas-lipo-s2-5000-mah","title":{"rendered":"Bater\u00eda Traxxas Lipo S2 5000 mAh"},"content":{"rendered":"<p class=\"p1\">La bater\u00eda LiPo de 2 celdas, 7,4 V y 25 C de 5000 mAh es una bater\u00eda de alto rendimiento dise\u00f1ada principalmente para veh\u00edculos RC, particularmente aquellos fabricados por Traxxas. Esta bater\u00eda es ideal para los entusiastas que buscan mejorar su experiencia RC con un rendimiento confiable y potente.<\/p>\n","protected":false},"excerpt":{"rendered":"<p class=\"p1\">Capacidad: 5000 mAh<br \/>\nVoltaje: 7,4 V<br \/>\nConfiguraci\u00f3n: 2 celdas (2S)<br \/>\nTasa de descarga: 25 \u00b0C<br \/>\nPeso: aproximadamente 280 g<br \/>\nDimensiones: altura: 24 mm, ancho: 43 mm<\/p>\n","protected":false},"featured_media":1061,"comment_status":"open","ping_status":"closed","template":"","meta":[],"product_brand":[],"product_cat":[43],"product_tag":[],"class_list":{"0":"post-973","1":"product","2":"type-product","3":"status-publish","4":"has-post-thumbnail","6":"product_cat-traxxas","8":"first","9":"instock","10":"shipping-taxable","11":"purchasable","12":"product-type-simple"},"_links":{"self":[{"href":"https:\/\/adventureyankee.com\/index.php?rest_route=\/wp\/v2\/product\/973","targetHints":{"allow":["GET"]}}],"collection":[{"href":"https:\/\/adventureyankee.com\/index.php?rest_route=\/wp\/v2\/product"}],"about":[{"href":"https:\/\/adventureyankee.com\/index.php?rest_route=\/wp\/v2\/types\/product"}],"replies":[{"embeddable":true,"href":"https:\/\/adventureyankee.com\/index.php?rest_route=%2Fwp%2Fv2%2Fcomments&post=973"}],"wp:featuredmedia":[{"embeddable":true,"href":"https:\/\/adventureyankee.com\/index.php?rest_route=\/wp\/v2\/media\/1061"}],"wp:attachment":[{"href":"https:\/\/adventureyankee.com\/index.php?rest_route=%2Fwp%2Fv2%2Fmedia&parent=973"}],"wp:term":[{"taxonomy":"product_brand","embeddable":true,"href":"https:\/\/adventureyankee.com\/index.php?rest_route=%2Fwp%2Fv2%2Fproduct_brand&post=973"},{"taxonomy":"product_cat","embeddable":true,"href":"https:\/\/adventureyankee.com\/index.php?rest_route=%2Fwp%2Fv2%2Fproduct_cat&post=973"},{"taxonomy":"product_tag","embeddable":true,"href":"https:\/\/adventureyankee.com\/index.php?rest_route=%2Fwp%2Fv2%2Fproduct_tag&post=973"}],"curies":[{"name":"wp","href":"https:\/\/api.w.org\/{rel}","templated":true}]}}