{"id":968,"date":"2026-02-12T16:00:03","date_gmt":"2026-02-12T15:00:03","guid":{"rendered":"https:\/\/adventureyankee.com\/?post_type=product&#038;p=968"},"modified":"2026-02-12T16:01:11","modified_gmt":"2026-02-12T15:01:11","slug":"buggy-electrico-xks-55-km-h","status":"publish","type":"product","link":"https:\/\/adventureyankee.com\/?product=buggy-electrico-xks-55-km-h","title":{"rendered":"Buggy Electrico XKs 55 KM\/H"},"content":{"rendered":"<h1 class=\"a-size-base-plus a-text-bold\"><\/h1>\n<ul class=\"a-unordered-list a-vertical a-spacing-mini\">\n<li class=\"a-spacing-mini\"><span class=\"a-list-item\">Especificaciones: Informaci\u00f3n b\u00e1sica Marca: Wltoys Art\u00edculo No: 124010 Escala: 1\/12 Velocidad m\u00e1xima: 55 km\/h<\/span><\/li>\n<li class=\"a-spacing-mini\"><span class=\"a-list-item\">Motor del sistema de energ\u00eda: motor cepillado de carbono magn\u00e9tico 560 fuerte Engranaje de aleaci\u00f3n Digital Impermeable Gear Bater\u00eda: Bater\u00eda para el coche: 7.4V 2S 1300mAh Bater\u00eda<\/span><\/li>\n<li class=\"a-spacing-mini\"><span class=\"a-list-item\">Frecuencia del transmisor: 2.4G Canal: 4CH Distancia remota: alrededor de 100 m Bater\u00eda requerida: 4 pilas AA de 1.5 V (no incluidas)<\/span><\/li>\n<li class=\"a-spacing-mini\"><span class=\"a-list-item\">Dimensiones de la caja: 33,7 x 23,3 x 16,5 cm. El paquete incluye: 1 coche el\u00e9ctrico de carreras 4WD a escala 1:12. 1 control remoto, 1 cable de carga USB de 7,4 V 2000 mAh. 1 manual de usuario, 1 llave cruzada de aleaci\u00f3n de zinc, 1 destornillador cruzado de mango amarillo<\/span><\/li>\n<li class=\"a-spacing-mini\"><span class=\"a-list-item\">Consejos de los vendedores: recomendamos encarecidamente: 1. que veas el video y leas nuestra descripci\u00f3n cuidadosamente antes de comprarlo. 2. Compra m\u00e1s bater\u00edas modelo o m\u00e1s bater\u00edas para repuesto, te traer\u00e1 m\u00e1s diversi\u00f3n. Considerando una bater\u00eda solo funciona de 8 a 9 minutos. Nota: Este no es un coche de control remoto de juguete ordinario, porque el coche de control remoto es demasiado r\u00e1pido, se recomienda utilizar el coche de control remoto en \u00e1reas abiertas para evitar chocar con obst\u00e1culos.<\/span><\/li>\n<li class=\"a-spacing-mini\"><span class=\"a-list-item\">Aviso: 1. Cuando la bater\u00eda se agota, intenta cargarla a tiempo para asegurarte de que la bater\u00eda tenga la energ\u00eda restante. Si la bater\u00eda est\u00e1 completamente vac\u00eda, no se cargar\u00e1. 2. Desconecta del coche con control remoto mientras se carga. Necesitas sacar la bater\u00eda y cargarla por separado. 3. Si no utilizas el coche con control remoto, desconecta la bater\u00eda del cable del coche con control remoto, de lo contrario da\u00f1ar\u00e1 la bater\u00eda<\/span><\/li>\n<\/ul>\n","protected":false},"excerpt":{"rendered":"<p>Veh\u00edculo de carreras profesional 1:12 4WD todoterreno el\u00e9ctrico de alta velocidad Drift juguetes de control remoto para ni\u00f1os (negro 1B)<\/p>\n","protected":false},"featured_media":1050,"comment_status":"open","ping_status":"closed","template":"","meta":[],"product_brand":[],"product_cat":[41,42,48],"product_tag":[],"class_list":{"0":"post-968","1":"product","2":"type-product","3":"status-publish","4":"has-post-thumbnail","6":"product_cat-automodelismo","7":"product_cat-off-road","8":"product_cat-wltoys","9":"product_shipping_class-buscar-en-tienda","11":"first","12":"outofstock","13":"shipping-taxable","14":"purchasable","15":"product-type-simple"},"_links":{"self":[{"href":"https:\/\/adventureyankee.com\/index.php?rest_route=\/wp\/v2\/product\/968","targetHints":{"allow":["GET"]}}],"collection":[{"href":"https:\/\/adventureyankee.com\/index.php?rest_route=\/wp\/v2\/product"}],"about":[{"href":"https:\/\/adventureyankee.com\/index.php?rest_route=\/wp\/v2\/types\/product"}],"replies":[{"embeddable":true,"href":"https:\/\/adventureyankee.com\/index.php?rest_route=%2Fwp%2Fv2%2Fcomments&post=968"}],"wp:featuredmedia":[{"embeddable":true,"href":"https:\/\/adventureyankee.com\/index.php?rest_route=\/wp\/v2\/media\/1050"}],"wp:attachment":[{"href":"https:\/\/adventureyankee.com\/index.php?rest_route=%2Fwp%2Fv2%2Fmedia&parent=968"}],"wp:term":[{"taxonomy":"product_brand","embeddable":true,"href":"https:\/\/adventureyankee.com\/index.php?rest_route=%2Fwp%2Fv2%2Fproduct_brand&post=968"},{"taxonomy":"product_cat","embeddable":true,"href":"https:\/\/adventureyankee.com\/index.php?rest_route=%2Fwp%2Fv2%2Fproduct_cat&post=968"},{"taxonomy":"product_tag","embeddable":true,"href":"https:\/\/adventureyankee.com\/index.php?rest_route=%2Fwp%2Fv2%2Fproduct_tag&post=968"}],"curies":[{"name":"wp","href":"https:\/\/api.w.org\/{rel}","templated":true}]}}