{"id":958,"date":"2026-02-12T16:00:02","date_gmt":"2026-02-12T15:00:02","guid":{"rendered":"https:\/\/adventureyankee.com\/?post_type=product&#038;p=958"},"modified":"2026-02-12T16:00:37","modified_gmt":"2026-02-12T15:00:37","slug":"slash-4x4-ultimate-traxxas","status":"publish","type":"product","link":"https:\/\/adventureyankee.com\/?product=slash-4x4-ultimate-traxxas","title":{"rendered":"Slash 4&#215;4 Ultimate Traxxas"},"content":{"rendered":"<div class=\"meta-box\">\n<table>\n<tbody>\n<tr>\n<td class=\"box1 divider\">\n<h5>1\/10<\/h5>\n<h6>Tama\u00f1o<\/h6>\n<\/td>\n<td class=\"box2 divider\">\n<h5>+96 km\/h<\/h5>\n<h6>Velocidad<\/h6>\n<\/td>\n<td class=\"box3 divider\">\n<h5>VXL-3<\/h5>\n<h6>Fuerza<\/h6>\n<\/td>\n<td class=\"box4\">\n<h5>Bater\u00eda y cargador<\/h5>\n<h6>Se vende por separado<\/h6>\n<\/td>\n<\/tr>\n<\/tbody>\n<\/table>\n<\/div>\n<div class=\"product-data\">\n<table>\n<tbody>\n<tr>\n<td><img decoding=\"async\" class=\"main-img-display\" src=\"https:\/\/traxxas.com\/sites\/default\/files\/68277-4-Slash-4x4-ultimate-3qtr-front-RGB-ORANGE.jpg\" alt=\"Slash 4x4 definitivo\" width=\"96%\" height=\"\" \/><\/td>\n<td>\n<h1>Slash 4&#215;4 Ultimate<span style=\"font-family: inherit; font-size: inherit;\">\u00a0<\/span><\/h1>\n<div>\n<h3>Caracter\u00edsticas principales<\/h3>\n<ul>\n<li>Sistema de energ\u00eda sin escobillas\u00a0Velineon\u00a0<sup class=\"smaller\">\u00ae VXL-3s Extreme resistente al agua<\/sup><\/li>\n<li>Sistema de radio de alto rendimiento\u00a0TQi\u00a0<sup class=\"smaller\">\u2122 de 2,4 GHz con Traxxas Stability\u00a0<\/sup><sup class=\"smaller\">Management\u00ae<\/sup>\u00a0(TSM)<\/li>\n<li>Sensores de telemetr\u00eda y m\u00f3dulo inal\u00e1mbrico instalados de f\u00e1brica<\/li>\n<li>Amortiguadores GTR anodizados en azul, bujes C, bloques de direcci\u00f3n y portabujes traseros<\/li>\n<li>Barras estabilizadoras delanteras y traseras ajustables<\/li>\n<\/ul>\n<\/div>\n<\/td>\n<\/tr>\n<\/tbody>\n<\/table>\n<\/div>\n<p>&nbsp;<\/p>\n<div class=\"product-desc\">\n<h1>Lo \u00faltimo en camiones 4&#215;4 para recorridos cortos<\/h1>\n<p>Experimente el m\u00e1ximo rendimiento de las camionetas de recorrido corto con\u00a0<span class=\"text-nowrap\">Slash\u00a0<sup class=\"smaller\">\u00ae<\/sup>\u00a04X4 Ultimate<\/span>\u00a0. Tome las curvas como un profesional gracias al chasis\u00a0<span class=\"text-nowrap\">de bajo centro de gravedad<\/span>\u00a0, las barras estabilizadoras instaladas y los amortiguadores GTR de aluminio\u00a0<span class=\"text-nowrap\">recubiertos de PTFE<\/span>\u00a0azul ultra suaves .\u00a0<span class=\"text-nowrap\">Slash 4X4 Ultimate<\/span>\u00a0incluye un conjunto completo de piezas de aluminio\u00a0<span class=\"text-nowrap\">para hop-up<\/span>\u00a0y accesorios de rendimiento para mayor resistencia y una apariencia espectacular.\u00a0<span class=\"text-nowrap\">Slash 4X4 Ultimate llega completamente ensamblado con sensores de telemetr\u00eda instalados de f\u00e1brica y un sistema de radio TQi\u00a0<\/span><sup class=\"smaller\">\u2122\u00a0<\/sup><span class=\"text-nowrap\">de 2,4 GHz<\/span> equipado con Wireless Link.<\/p>\n<\/div>\n<div id=\"center-content\" class=\"column region clearfix \">\n<div class=\"region region-center-content\">\n<div id=\"block-views-product-content-block\" class=\"block block-views\">\n<div class=\"content\">\n<div class=\"view view-product-content view-id-product_content view-display-id-block view-dom-id-a49655d6597e9d6290355fff4ce369c7\">\n<div class=\"view-content\">\n<div class=\"views-row views-row-1 views-row-odd views-row-first views-row-last productinfo\">\n<div><img fetchpriority=\"high\" decoding=\"async\" class=\"inline inline-left traxxas_image_light_box\" title=\"Especificaciones del Slash 4X4 Ultimate (#68277-4)\" src=\"https:\/\/traxxas.com\/sites\/default\/files\/images\/68277-4_ORNG-specs-side.jpg\" alt=\"Especificaciones del Slash 4X4 Ultimate (#68277-4)\" width=\"800\" height=\"440\" data-src=\"\/sites\/default\/files\/images\/68277-4_ORNG-specs-side.jpg\" data-fancybox-group=\"gallery\" \/><\/div>\n<div>\n<table class=\"specs_table\">\n<tbody>\n<tr>\n<td class=\"specs_header\">ESPECIFICACIONES DEL SLASH 4X4 ULTIMATE (68277-4)<\/td>\n<\/tr>\n<tr>\n<td>\n<table class=\"specs_content\">\n<tbody>\n<tr>\n<td class=\"specs_odd_left_column\">Longitud:<\/td>\n<td class=\"specs_odd_middle_column\"><\/td>\n<td class=\"specs_odd_right_column\">22,36 pulgadas (568 mm)<\/td>\n<\/tr>\n<tr>\n<td class=\"specs_even_left_column\">Pista delantera:<\/td>\n<td class=\"specs_even_middle_column\"><\/td>\n<td class=\"specs_even_right_column\">11,65 pulgadas (296 mm)<\/td>\n<\/tr>\n<tr>\n<td class=\"specs_odd_left_column\">Pista trasera:<\/td>\n<td class=\"specs_odd_middle_column\"><\/td>\n<td class=\"specs_odd_right_column\">11,65 pulgadas (296 mm)<\/td>\n<\/tr>\n<tr>\n<td class=\"specs_even_left_column\">Distancia al suelo central:<\/td>\n<td class=\"specs_even_middle_column\"><\/td>\n<td class=\"specs_even_right_column\">1,85 pulgadas (47 mm)<\/td>\n<\/tr>\n<tr>\n<td class=\"specs_odd_left_column\">Peso:<\/td>\n<td class=\"specs_odd_middle_column\"><\/td>\n<td class=\"specs_odd_right_column\">80,4 onzas (2,28 kg)<\/td>\n<\/tr>\n<tr>\n<td class=\"specs_even_left_column\">Altura (total):<\/td>\n<td class=\"specs_even_middle_column\"><\/td>\n<td class=\"specs_even_right_column\">7,6 pulgadas (193 mm)<\/td>\n<\/tr>\n<tr>\n<td class=\"specs_odd_left_column\">Distancia entre ejes:<\/td>\n<td class=\"specs_odd_middle_column\"><\/td>\n<td class=\"specs_odd_right_column\">12,75 pulgadas (324 mm)<\/td>\n<\/tr>\n<tr>\n<td class=\"specs_even_left_column\">Choques:<\/td>\n<td class=\"specs_even_middle_column\"><\/td>\n<td class=\"specs_even_right_column\">Cuerpo de aluminio roscado GTR con ejes TiN<\/td>\n<\/tr>\n<tr>\n<td class=\"specs_odd_left_column\">Longitud del amortiguador:<\/td>\n<td class=\"specs_odd_middle_column\"><\/td>\n<td class=\"specs_odd_right_column\">GTR largo (delantero), XX largo (trasero)<\/td>\n<\/tr>\n<tr>\n<td class=\"specs_even_left_column\">Llantas:<\/td>\n<td class=\"specs_even_middle_column\"><\/td>\n<td class=\"specs_even_right_column\">2,2\/3,0\u2033, compuesto S1, pre-pegado con insertos de espuma<\/td>\n<\/tr>\n<tr>\n<td class=\"specs_odd_left_column\">Di\u00e1metro del neum\u00e1tico:<\/td>\n<td class=\"specs_odd_middle_column\"><\/td>\n<td class=\"specs_odd_right_column\">4,31 pulgadas (109,5 mm) (delantera y trasera)<\/td>\n<\/tr>\n<tr>\n<td class=\"specs_even_left_column\">Ruedas (delanteras\/traseras):<\/td>\n<td class=\"specs_even_middle_column\"><\/td>\n<td class=\"specs_even_right_column\">Radios divididos de 2,2\/3,0\u2033, cromo negro<\/td>\n<\/tr>\n<tr>\n<td class=\"specs_odd_left_column\">Di\u00e1metro de la rueda:<\/td>\n<td class=\"specs_odd_middle_column\"><\/td>\n<td class=\"specs_odd_right_column\">2,2 pulgadas (56 mm) exterior<br \/>\n3,0 pulgadas (76 mm) interior<\/td>\n<\/tr>\n<tr>\n<td class=\"specs_even_left_column\">Tipo de control de velocidad:<\/td>\n<td class=\"specs_even_middle_column\"><\/td>\n<td class=\"specs_even_right_column\">VXL-3s\u00a0<sup>\u2122<\/sup><\/td>\n<\/tr>\n<tr>\n<td class=\"specs_odd_left_column\">Motor (el\u00e9ctrico):<\/td>\n<td class=\"specs_odd_middle_column\"><\/td>\n<td class=\"specs_odd_right_column\">Velineon\u00a0<sup>\u00ae<\/sup>\u00a03500 sin escobillas<\/td>\n<\/tr>\n<tr>\n<td class=\"specs_even_left_column\">Relaci\u00f3n de transmisi\u00f3n general:<\/td>\n<td class=\"specs_even_middle_column\"><\/td>\n<td class=\"specs_even_right_column\">11,82 (en stock, listo para usar)<\/td>\n<\/tr>\n<tr>\n<td class=\"specs_odd_left_column\">Tipo diferencial:<\/td>\n<td class=\"specs_odd_middle_column\"><\/td>\n<td class=\"specs_odd_right_column\">Bisel de acero endurecido, sellado, deslizamiento limitado.<\/td>\n<\/tr>\n<tr>\n<td class=\"specs_even_left_column\">Paso de engranaje:<\/td>\n<td class=\"specs_even_middle_column\"><\/td>\n<td class=\"specs_even_right_column\">32 tono<\/td>\n<\/tr>\n<tr>\n<td class=\"specs_odd_left_column\">Estructura\/material del chasis:<\/td>\n<td class=\"specs_odd_middle_column\"><\/td>\n<td class=\"specs_odd_right_column\">Tina moldeada \/ Compuesto de nailon<\/td>\n<\/tr>\n<tr>\n<td class=\"specs_even_left_column\">Sistema de accionamiento:<\/td>\n<td class=\"specs_even_middle_column\"><\/td>\n<td class=\"specs_even_right_column\">Transmisi\u00f3n por eje, tracci\u00f3n 4&#215;4 directa<\/td>\n<\/tr>\n<tr>\n<td class=\"specs_odd_left_column\">Gobierno:<\/td>\n<td class=\"specs_odd_middle_column\"><\/td>\n<td class=\"specs_odd_right_column\">Doble manivela con protector de servo integrado<\/td>\n<\/tr>\n<tr>\n<td class=\"specs_even_left_column\">Sistema de radio:<\/td>\n<td class=\"specs_even_middle_column\"><\/td>\n<td class=\"specs_even_right_column\">Sistema de radio\u00a0TQi\u00a0<sup>\u2122 de 2,4 GHz con\u00a0<\/sup><sup>TSM\u00ae<\/sup><\/td>\n<\/tr>\n<tr>\n<td class=\"specs_odd_left_column\">Cuerpo:<\/td>\n<td class=\"specs_odd_middle_column\"><\/td>\n<td class=\"specs_odd_right_column\">Clipless ProGraphix\u00a0<sup>\u00ae<\/sup>\u00a0prepintado<\/td>\n<\/tr>\n<tr>\n<td class=\"specs_even_left_column\">Velocidad m\u00e1xima:<\/td>\n<td class=\"specs_even_middle_column\"><\/td>\n<td class=\"specs_even_right_column\">+96 km\/h*<\/td>\n<\/tr>\n<tr>\n<td class=\"specs_odd_left_column\">Dimensiones de la bandeja de la bater\u00eda:**<\/td>\n<td class=\"specs_odd_middle_column\"><\/td>\n<td class=\"specs_odd_right_column\">165 mm x 49,5 mm x 23 mm, 25 mm<\/td>\n<\/tr>\n<tr>\n<td class=\"specs_even_left_column\">Elementos requeridos:<\/td>\n<td class=\"specs_even_middle_column\"><\/td>\n<td class=\"specs_even_right_column\">Paquete de bater\u00edas Traxxas, cargador Traxxas iD, 4 bater\u00edas \u00abAA\u00bb (para transmisor)<\/td>\n<\/tr>\n<tr>\n<td class=\"specs_even_right_column_copyright\" colspan=\"3\">*Con engranaje opcional y bater\u00eda de LiPo de 3 s (los elementos se venden por separado).<br \/>\n**Kit de expansi\u00f3n de bater\u00eda disponible<\/td>\n<\/tr>\n<\/tbody>\n<\/table>\n<\/td>\n<\/tr>\n<\/tbody>\n<\/table>\n<div><img decoding=\"async\" class=\"inline inline-left traxxas_image_light_box\" title=\"Especificaciones del Slash 4X4 Ultimate (#68277-4)\" src=\"https:\/\/traxxas.com\/sites\/default\/files\/images\/68277-4_GRN-specs-front.jpg\" alt=\"Especificaciones del Slash 4X4 Ultimate (#68277-4)\" width=\"800\" height=\"440\" data-src=\"\/sites\/default\/files\/images\/68277-4_GRN-specs-front.jpg\" data-fancybox-group=\"gallery\" \/><\/div>\n<table class=\"specs_table\">\n<tbody>\n<tr>\n<td class=\"specs_header\">TABLA DE VELOCIDAD Y NIVELES DE HABILIDAD DE SLASH 4X4 ULTIMATE<\/td>\n<\/tr>\n<tr>\n<td>\n<table class=\"specs_content\">\n<tbody>\n<tr>\n<td class=\"specs_odd_left_column\"><strong>Velocidad:<\/strong><\/td>\n<td class=\"specs_odd_middle_column\"><strong>35+ mph<\/strong><\/td>\n<td class=\"specs_odd_middle_column\"><strong>40+ mph<\/strong><\/td>\n<td class=\"specs_odd_middle_column\"><strong>40+ mph<\/strong><\/td>\n<td class=\"specs_odd_middle_column\"><strong>45+ mph<\/strong><\/td>\n<td class=\"specs_odd_middle_column\"><strong>60+ mph<\/strong><\/td>\n<\/tr>\n<tr>\n<td class=\"specs_even_left_column\"><strong>Pi\u00f1\u00f3n\/espuela:<\/strong><\/td>\n<td class=\"specs_even_middle_column\">13\/54*<\/td>\n<td class=\"specs_even_middle_column\">18\/54**<\/td>\n<td class=\"specs_even_middle_column\">19\/54<\/td>\n<td class=\"specs_even_middle_column\">13\/54*<\/td>\n<td class=\"specs_even_middle_column\">19\/54<\/td>\n<\/tr>\n<tr>\n<td class=\"specs_odd_left_column\"><strong>Bater\u00eda:<\/strong><\/td>\n<td class=\"specs_odd_middle_column\">Bater\u00eda de 7 celdas NiMH<\/td>\n<td class=\"specs_odd_middle_column\">Bater\u00eda de 7 celdas NiMH<\/td>\n<td class=\"specs_odd_middle_column\">Bater\u00eda de pol\u00edmero de litio de 2 s<\/td>\n<td class=\"specs_odd_middle_column\">Bater\u00eda de pol\u00edmero de litio de 3 s<\/td>\n<td class=\"specs_odd_middle_column\">Bater\u00eda de pol\u00edmero de litio de 3 s<\/td>\n<\/tr>\n<tr>\n<td class=\"specs_even_left_column\"><strong>Voltaje nominal:<\/strong><\/td>\n<td class=\"specs_even_middle_column\">8,4 V<\/td>\n<td class=\"specs_even_middle_column\">8,4 V<\/td>\n<td class=\"specs_even_middle_column\">7,4 V<\/td>\n<td class=\"specs_even_middle_column\">11,1 V<\/td>\n<td class=\"specs_even_middle_column\">11,1 V<\/td>\n<\/tr>\n<tr>\n<td class=\"specs_odd_left_column\"><strong>Bater\u00eda:<\/strong><\/td>\n<td class=\"specs_odd_middle_column\">4000+ mAh<\/td>\n<td class=\"specs_odd_middle_column\">4000+ mAh<\/td>\n<td class=\"specs_odd_middle_column\">4000+ mAh<\/td>\n<td class=\"specs_odd_middle_column\">5000+ mAh<\/td>\n<td class=\"specs_odd_middle_column\">5000+ mAh<\/td>\n<\/tr>\n<tr>\n<td class=\"specs_even_left_column\"><strong>Nivel de habilidad:<\/strong><\/td>\n<td class=\"specs_even_middle_column\"><strong>1<\/strong><\/td>\n<td class=\"specs_even_middle_column\"><strong>2<\/strong><\/td>\n<td class=\"specs_even_middle_column\"><strong>4<\/strong><\/td>\n<td class=\"specs_even_middle_column\"><strong>4<\/strong><\/td>\n<td class=\"specs_even_middle_column\"><strong>5<\/strong><\/td>\n<\/tr>\n<tr>\n<td class=\"specs_odd_right_column_copyright\" colspan=\"6\">*Engranaje de serie **Pi\u00f1\u00f3n opcional incluido<\/td>\n<\/tr>\n<\/tbody>\n<\/table>\n<\/td>\n<\/tr>\n<\/tbody>\n<\/table>\n<div><img decoding=\"async\" class=\"inline inline-left traxxas_image_light_box\" title=\"Vista del chasis superior del Slash 4X4 Ultimate (#68277-4)\" src=\"https:\/\/traxxas.com\/sites\/default\/files\/images\/68277-4-Slash-4x4-ultimate-Chassis-Overheadview_m.jpg\" alt=\"Vista del chasis superior del Slash 4X4 Ultimate (#68277-4)\" width=\"800\" height=\"440\" data-src=\"\/sites\/default\/files\/68277-4-Slash-4x4-ultimate-Chassis-Overheadview.jpg\" data-fancybox-group=\"gallery\" \/><\/div>\n<table class=\"specs_table\">\n<tbody>\n<tr>\n<td class=\"specs_header\">ESPECIFICACIONES DEL ESC A PRUEBA DE AGUA VXL-3S<\/td>\n<\/tr>\n<tr>\n<td>\n<table class=\"specs_content\">\n<tbody>\n<tr>\n<td class=\"specs_even_left_column\">Voltaje de entrada:<\/td>\n<td class=\"specs_even_middle_column\"><\/td>\n<td class=\"specs_even_right_column\">6-9 celdas NiMH (7,2 a 10,8 voltios);<br \/>\n2-3 celdas LiPo (7,4 a 11,1 voltios)<\/td>\n<\/tr>\n<tr>\n<td class=\"specs_odd_left_column\">Tama\u00f1o de la caja:<\/td>\n<td class=\"specs_odd_middle_column\"><\/td>\n<td class=\"specs_odd_right_column\">39 mm x 55 mm x 33 mm<\/td>\n<\/tr>\n<tr>\n<td class=\"specs_even_left_column\">Peso:<\/td>\n<td class=\"specs_even_middle_column\"><\/td>\n<td class=\"specs_even_right_column\">90 gramos<\/td>\n<\/tr>\n<tr>\n<td class=\"specs_odd_left_column\">L\u00edmite del motor (sin escobillas):<\/td>\n<td class=\"specs_odd_middle_column\"><\/td>\n<td class=\"specs_odd_right_column\">Sin l\u00edmite de motor<\/td>\n<\/tr>\n<tr>\n<td class=\"specs_even_left_column\">Sobre la resistencia hacia adelante:<\/td>\n<td class=\"specs_even_middle_column\"><\/td>\n<td class=\"specs_even_right_column\">0,00075 ohmios<\/td>\n<\/tr>\n<tr>\n<td class=\"specs_odd_left_column\">Sobre la resistencia inversa:<\/td>\n<td class=\"specs_odd_middle_column\"><\/td>\n<td class=\"specs_odd_right_column\">0,00075 ohmios<\/td>\n<\/tr>\n<tr>\n<td class=\"specs_even_left_column\">Voltaje BEC:<\/td>\n<td class=\"specs_even_middle_column\"><\/td>\n<td class=\"specs_even_right_column\">6,0 voltios<\/td>\n<\/tr>\n<tr>\n<td class=\"specs_odd_left_column\">BEC actual:<\/td>\n<td class=\"specs_odd_middle_column\"><\/td>\n<td class=\"specs_odd_right_column\">2,5 amperios<\/td>\n<\/tr>\n<tr>\n<td class=\"specs_even_left_column\">Cable de alimentaci\u00f3n:<\/td>\n<td class=\"specs_even_middle_column\"><\/td>\n<td class=\"specs_even_right_column\">Cable\u00a0<sup>Maxx\u00ae<\/sup>\u00a0calibre 12<\/td>\n<\/tr>\n<tr>\n<td class=\"specs_odd_left_column\">Cable del arn\u00e9s de entrada:<\/td>\n<td class=\"specs_odd_middle_column\"><\/td>\n<td class=\"specs_odd_right_column\">calibre 26<\/td>\n<\/tr>\n<tr>\n<td class=\"specs_even_left_column\">Detecci\u00f3n de bajo voltaje:<\/td>\n<td class=\"specs_even_middle_column\"><\/td>\n<td class=\"specs_even_right_column\">Indicadores de 2 etapas, conmutables (encendido o apagado)<\/td>\n<\/tr>\n<tr>\n<td class=\"specs_odd_left_column\">Protecci\u00f3n t\u00e9rmica:<\/td>\n<td class=\"specs_odd_middle_column\"><\/td>\n<td class=\"specs_odd_right_column\">Apagado t\u00e9rmico de 2 etapas<\/td>\n<\/tr>\n<tr>\n<td class=\"specs_even_left_column\">Selecci\u00f3n de perfil:<\/td>\n<td class=\"specs_even_middle_column\"><\/td>\n<td class=\"specs_even_right_column\"><strong>Modo deportivo:<\/strong><br \/>\n100 % FWD, 100 % FRENOS, 100 % REV<br \/>\n<strong>Modo carrera:<\/strong><br \/>\n100 % FWD, 100 % FRENOS, SIN REV<br \/>\n<strong>Modo de entrenamiento:*<\/strong><br \/>\n50 % FWD, 100 % FRENOS, 50 % REV<\/td>\n<\/tr>\n<tr>\n<td class=\"specs_odd_left_column\">Configuraci\u00f3n con un solo bot\u00f3n:<\/td>\n<td class=\"specs_odd_middle_column\"><\/td>\n<td class=\"specs_odd_right_column\">Conjunto EZ de\u00a0<sup>Traxxas\u00ae<\/sup><\/td>\n<\/tr>\n<tr>\n<td class=\"specs_even_left_column\">Conector de entrada de bater\u00eda:<\/td>\n<td class=\"specs_even_middle_column\"><\/td>\n<td class=\"specs_even_right_column\">Conector de alta corriente Traxxas<\/td>\n<\/tr>\n<tr>\n<td class=\"specs_odd_left_column\">Tipo de motor:<\/td>\n<td class=\"specs_odd_middle_column\"><\/td>\n<td class=\"specs_odd_right_column\">Sin escobillas<\/td>\n<\/tr>\n<tr>\n<td class=\"specs_even_left_column\">Puertos:<\/td>\n<td class=\"specs_even_middle_column\"><\/td>\n<td class=\"specs_even_right_column\">Entrada RX, ventilador auxiliar<\/td>\n<\/tr>\n<tr>\n<td class=\"specs_odd_left_column_copyright\"><\/td>\n<td class=\"specs_odd_middle_column\">\u00ad<\/td>\n<td class=\"specs_odd_right_column_copyright\">*Patentado<\/td>\n<\/tr>\n<\/tbody>\n<\/table>\n<\/td>\n<\/tr>\n<\/tbody>\n<\/table>\n<\/div>\n<div><img loading=\"lazy\" decoding=\"async\" class=\"inline inline-left traxxas_image_light_box\" title=\"Vista lateral del chasis del Slash 4X4 Ultimate (#68277-4)\" src=\"https:\/\/traxxas.com\/sites\/default\/files\/images\/68277-4-Slash-4x4-ultimate-Chassis-Side-view_m.jpg\" alt=\"Vista lateral del chasis del Slash 4X4 Ultimate (#68277-4)\" width=\"800\" height=\"225\" data-src=\"\/sites\/default\/files\/68277-4-Slash-4x4-ultimate-Chassis-Side-view.jpg\" data-fancybox-group=\"gallery\" \/><\/div>\n<\/div>\n<\/div>\n<\/div>\n<\/div>\n<\/div>\n<\/div>\n<\/div>\n","protected":false},"excerpt":{"rendered":"<p>TAMA\u00d1O: 1\/10<br \/>\nVELOCIDAD: +96 KM\/H<br \/>\nFUERZA: VXL-3<\/p>\n","protected":false},"featured_media":1003,"comment_status":"open","ping_status":"closed","template":"","meta":[],"product_brand":[],"product_cat":[41,42,43],"product_tag":[],"class_list":{"0":"post-958","1":"product","2":"type-product","3":"status-publish","4":"has-post-thumbnail","6":"product_cat-automodelismo","7":"product_cat-off-road","8":"product_cat-traxxas","9":"product_shipping_class-buscar-en-tienda","11":"first","12":"outofstock","13":"shipping-taxable","14":"purchasable","15":"product-type-simple"},"_links":{"self":[{"href":"https:\/\/adventureyankee.com\/index.php?rest_route=\/wp\/v2\/product\/958","targetHints":{"allow":["GET"]}}],"collection":[{"href":"https:\/\/adventureyankee.com\/index.php?rest_route=\/wp\/v2\/product"}],"about":[{"href":"https:\/\/adventureyankee.com\/index.php?rest_route=\/wp\/v2\/types\/product"}],"replies":[{"embeddable":true,"href":"https:\/\/adventureyankee.com\/index.php?rest_route=%2Fwp%2Fv2%2Fcomments&post=958"}],"wp:featuredmedia":[{"embeddable":true,"href":"https:\/\/adventureyankee.com\/index.php?rest_route=\/wp\/v2\/media\/1003"}],"wp:attachment":[{"href":"https:\/\/adventureyankee.com\/index.php?rest_route=%2Fwp%2Fv2%2Fmedia&parent=958"}],"wp:term":[{"taxonomy":"product_brand","embeddable":true,"href":"https:\/\/adventureyankee.com\/index.php?rest_route=%2Fwp%2Fv2%2Fproduct_brand&post=958"},{"taxonomy":"product_cat","embeddable":true,"href":"https:\/\/adventureyankee.com\/index.php?rest_route=%2Fwp%2Fv2%2Fproduct_cat&post=958"},{"taxonomy":"product_tag","embeddable":true,"href":"https:\/\/adventureyankee.com\/index.php?rest_route=%2Fwp%2Fv2%2Fproduct_tag&post=958"}],"curies":[{"name":"wp","href":"https:\/\/api.w.org\/{rel}","templated":true}]}}