{"id":956,"date":"2026-02-12T16:00:02","date_gmt":"2026-02-12T15:00:02","guid":{"rendered":"https:\/\/adventureyankee.com\/?post_type=product&#038;p=956"},"modified":"2026-02-12T16:00:15","modified_gmt":"2026-02-12T15:00:15","slug":"drone-dji-mini-4-pro-rc2-gl","status":"publish","type":"product","link":"https:\/\/adventureyankee.com\/?product=drone-dji-mini-4-pro-rc2-gl","title":{"rendered":"Drone DJI Mini 4 Pro (RC2) (GL)"},"content":{"rendered":"<p class=\"p1\">Viaja ligero y omite el registro para una experiencia f\u00e1cil de usar y f\u00e1cil de transportar en todos tus viajes. Disfrute de la diversi\u00f3n de volar sin el tedioso proceso de solicitud y el tiempo de espera.<br \/>\nPara el \u00faltimo firmware de aeronave, para el \u00faltimo firmware de aeronave, es decir, el mejor rendimiento de la aeronave. Si tu dron necesita estar registrado, como tu dron necesita estar registrado, como un dron .<br \/>\nDisfruta de escenas de amanecer, puesta de sol y noche con una claridad impresionante. Comparte videos al instante sin necesidad de realizar un corte posterior. Disfruta de im\u00e1genes de alta calidad directamente de la c\u00e1mara.<br \/>\nCon capacidades de detecci\u00f3n precisas en todas las direcciones, puedes volar con confianza, sabiendo que el dron detectar\u00e1 mejor los obst\u00e1culos. Preoc\u00fapate menos por las colisiones al volar, incluso los usuarios por primera vez.<br \/>\nDisfruta de una bater\u00eda prolongada para vuelos ininterrumpidos y largos . Di adi\u00f3s a la ansiedad de la bater\u00eda, deja que nada te detenga mientras exploras vastos paisajes.<br \/>\nUn art\u00edculo esencial para vuelos largos y excelentes im\u00e1genes de alta calidad. Experimenta la transmisi\u00f3n de im\u00e1genes sin retrasos, sumergi\u00e9ndote en vistas a\u00e9reas en tiempo real como nunca antes.<br \/>\nToma el control de la trayectoria de seguimiento de tu dron con el nuevo ActiveTrack 360\u00b0. Logra efectos de operaci\u00f3n complejos y sin problemas. Incluso si eres un principiante, comenzar y capturar videos sin problemas es f\u00e1cil.<br \/>\nDesbloquea el vuelo inmersivo con RC Motion 3 y gafas 3, RC Motion 2 y Goggles 2 o Goggles Integra (se venden por separado).<\/p>\n","protected":false},"excerpt":{"rendered":"<p><strong>Tiempo m\u00e1ximo de vuelo:<\/strong> 34 minutos<br \/>\n<strong>Capacidad:<\/strong> 2590 mAh<br \/>\n<strong>Altitud m\u00e1xima:<\/strong> 4.000 m<br \/>\n<strong>Distancia m\u00e1xima de vuelo:<\/strong> 18 km<br \/>\n<strong>Resoluci\u00f3n de la c\u00e1mara:<\/strong> H.264\/H.265 4K: 3840\u00d72160 FHD: 1920\u00d71080<\/p>\n","protected":false},"featured_media":996,"comment_status":"open","ping_status":"closed","template":"","meta":[],"product_brand":[],"product_cat":[35,37],"product_tag":[],"class_list":{"0":"post-956","1":"product","2":"type-product","3":"status-publish","4":"has-post-thumbnail","6":"product_cat-dji","7":"product_cat-drones-juguetes-y-hobbies","8":"product_shipping_class-delivery-gratis","10":"first","11":"instock","12":"shipping-taxable","13":"purchasable","14":"product-type-simple"},"_links":{"self":[{"href":"https:\/\/adventureyankee.com\/index.php?rest_route=\/wp\/v2\/product\/956","targetHints":{"allow":["GET"]}}],"collection":[{"href":"https:\/\/adventureyankee.com\/index.php?rest_route=\/wp\/v2\/product"}],"about":[{"href":"https:\/\/adventureyankee.com\/index.php?rest_route=\/wp\/v2\/types\/product"}],"replies":[{"embeddable":true,"href":"https:\/\/adventureyankee.com\/index.php?rest_route=%2Fwp%2Fv2%2Fcomments&post=956"}],"wp:featuredmedia":[{"embeddable":true,"href":"https:\/\/adventureyankee.com\/index.php?rest_route=\/wp\/v2\/media\/996"}],"wp:attachment":[{"href":"https:\/\/adventureyankee.com\/index.php?rest_route=%2Fwp%2Fv2%2Fmedia&parent=956"}],"wp:term":[{"taxonomy":"product_brand","embeddable":true,"href":"https:\/\/adventureyankee.com\/index.php?rest_route=%2Fwp%2Fv2%2Fproduct_brand&post=956"},{"taxonomy":"product_cat","embeddable":true,"href":"https:\/\/adventureyankee.com\/index.php?rest_route=%2Fwp%2Fv2%2Fproduct_cat&post=956"},{"taxonomy":"product_tag","embeddable":true,"href":"https:\/\/adventureyankee.com\/index.php?rest_route=%2Fwp%2Fv2%2Fproduct_tag&post=956"}],"curies":[{"name":"wp","href":"https:\/\/api.w.org\/{rel}","templated":true}]}}