{"id":1775,"date":"2026-04-10T01:23:39","date_gmt":"2026-04-09T23:23:39","guid":{"rendered":"https:\/\/adventureyankee.com\/?post_type=product&#038;p=1775"},"modified":"2026-04-10T01:28:12","modified_gmt":"2026-04-09T23:28:12","slug":"engranajes-metalicos-tamiya-xv02-relacion-39","status":"publish","type":"product","link":"https:\/\/adventureyankee.com\/?product=engranajes-metalicos-tamiya-xv02-relacion-39","title":{"rendered":"Engranajes Met\u00e1licos Tamiya XV02 Relaci\u00f3n 39"},"content":{"rendered":"<div class=\"text-base my-auto mx-auto [--thread-content-margin:var(--thread-content-margin-xs,calc(var(--spacing)*4))] @w-sm\/main:[--thread-content-margin:var(--thread-content-margin-sm,calc(var(--spacing)*6))] @w-lg\/main:[--thread-content-margin:var(--thread-content-margin-lg,calc(var(--spacing)*16))] px-(--thread-content-margin)\">\n<div class=\"[--thread-content-max-width:40rem] @w-lg\/main:[--thread-content-max-width:48rem] mx-auto max-w-(--thread-content-max-width) flex-1 group\/turn-messages focus-visible:outline-hidden relative flex w-full min-w-0 flex-col agent-turn\">\n<div class=\"flex max-w-full flex-col gap-4 grow\">\n<div class=\"min-h-8 text-message relative flex w-full flex-col items-end gap-2 text-start break-words whitespace-normal outline-none keyboard-focused:focus-ring [.text-message+&amp;]:mt-1\" dir=\"auto\" data-message-author-role=\"assistant\" data-message-id=\"57f04b1b-1bfe-4d7c-9f7b-7f33288bff42\" data-message-model-slug=\"gpt-5-3\">\n<div class=\"flex w-full flex-col gap-1 empty:hidden\">\n<div class=\"markdown prose dark:prose-invert w-full wrap-break-word dark markdown-new-styling\">\n<p data-start=\"237\" data-end=\"620\" data-is-last-node=\"\" data-is-only-node=\"\">Juego de engranajes met\u00e1licos para Tamiya XV02, fabricados en hierro para ofrecer mayor resistencia y durabilidad frente al uso intensivo. Con relaci\u00f3n 39, permiten una transmisi\u00f3n m\u00e1s s\u00f3lida y confiable, reduciendo el desgaste en comparaci\u00f3n con piezas pl\u00e1sticas. Ideales para mejorar el rendimiento y la vida \u00fatil del sistema de transmisi\u00f3n en autos RC.<\/p>\n<\/div>\n<\/div>\n<\/div>\n<\/div>\n<div class=\"z-0 flex min-h-[46px] justify-start\"><\/div>\n<\/div>\n<\/div>\n","protected":false},"excerpt":{"rendered":"<p>-Juego de engranajes para Tamiya XV02<br data-start=\"143\" data-end=\"146\" \/>-Material hierro (metal resistente)<br data-start=\"181\" data-end=\"184\" \/>-Relaci\u00f3n 39<br data-start=\"196\" data-end=\"199\" \/>-Mejoran durabilidad y transmisi\u00f3n<\/p>\n","protected":false},"featured_media":1777,"comment_status":"open","ping_status":"closed","template":"","meta":[],"product_brand":[],"product_cat":[405,400],"product_tag":[],"class_list":{"0":"post-1775","1":"product","2":"type-product","3":"status-publish","4":"has-post-thumbnail","6":"product_cat-accesorio","7":"product_cat-tamiya","9":"first","10":"outofstock","11":"shipping-taxable","12":"purchasable","13":"product-type-simple"},"_links":{"self":[{"href":"https:\/\/adventureyankee.com\/index.php?rest_route=\/wp\/v2\/product\/1775","targetHints":{"allow":["GET"]}}],"collection":[{"href":"https:\/\/adventureyankee.com\/index.php?rest_route=\/wp\/v2\/product"}],"about":[{"href":"https:\/\/adventureyankee.com\/index.php?rest_route=\/wp\/v2\/types\/product"}],"replies":[{"embeddable":true,"href":"https:\/\/adventureyankee.com\/index.php?rest_route=%2Fwp%2Fv2%2Fcomments&post=1775"}],"wp:featuredmedia":[{"embeddable":true,"href":"https:\/\/adventureyankee.com\/index.php?rest_route=\/wp\/v2\/media\/1777"}],"wp:attachment":[{"href":"https:\/\/adventureyankee.com\/index.php?rest_route=%2Fwp%2Fv2%2Fmedia&parent=1775"}],"wp:term":[{"taxonomy":"product_brand","embeddable":true,"href":"https:\/\/adventureyankee.com\/index.php?rest_route=%2Fwp%2Fv2%2Fproduct_brand&post=1775"},{"taxonomy":"product_cat","embeddable":true,"href":"https:\/\/adventureyankee.com\/index.php?rest_route=%2Fwp%2Fv2%2Fproduct_cat&post=1775"},{"taxonomy":"product_tag","embeddable":true,"href":"https:\/\/adventureyankee.com\/index.php?rest_route=%2Fwp%2Fv2%2Fproduct_tag&post=1775"}],"curies":[{"name":"wp","href":"https:\/\/api.w.org\/{rel}","templated":true}]}}