{"id":1758,"date":"2026-04-09T17:13:26","date_gmt":"2026-04-09T15:13:26","guid":{"rendered":"https:\/\/adventureyankee.com\/?post_type=product&#038;p=1758"},"modified":"2026-04-09T17:13:26","modified_gmt":"2026-04-09T15:13:26","slug":"corona-tamiya-rc-xv02-tt02-68t-plastico","status":"publish","type":"product","link":"https:\/\/adventureyankee.com\/?product=corona-tamiya-rc-xv02-tt02-68t-plastico","title":{"rendered":"Corona Tamiya RC XV02 \/ TT02 68T Pl\u00e1stico"},"content":{"rendered":"<div class=\"flex flex-col text-sm pb-25\">\n<section class=\"text-token-text-primary w-full focus:outline-none [--shadow-height:45px] has-data-writing-block:pointer-events-none has-data-writing-block:-mt-(--shadow-height) has-data-writing-block:pt-(--shadow-height) [&amp;:has([data-writing-block])&gt;*]:pointer-events-auto scroll-mt-[calc(var(--header-height)+min(200px,max(70px,20svh)))]\" dir=\"auto\" data-turn-id=\"request-WEB:d1a688d3-f09f-47c5-88a3-57bb289916f2-9\" data-testid=\"conversation-turn-20\" data-scroll-anchor=\"true\" data-turn=\"assistant\">\n<div class=\"text-base my-auto mx-auto pb-10 [--thread-content-margin:var(--thread-content-margin-xs,calc(var(--spacing)*4))] @w-sm\/main:[--thread-content-margin:var(--thread-content-margin-sm,calc(var(--spacing)*6))] @w-lg\/main:[--thread-content-margin:var(--thread-content-margin-lg,calc(var(--spacing)*16))] px-(--thread-content-margin)\">\n<div class=\"[--thread-content-max-width:40rem] @w-lg\/main:[--thread-content-max-width:48rem] mx-auto max-w-(--thread-content-max-width) flex-1 group\/turn-messages focus-visible:outline-hidden relative flex w-full min-w-0 flex-col agent-turn\">\n<div class=\"flex max-w-full flex-col gap-4 grow\">\n<div class=\"min-h-8 text-message relative flex w-full flex-col items-end gap-2 text-start break-words whitespace-normal outline-none keyboard-focused:focus-ring [.text-message+&amp;]:mt-1\" dir=\"auto\" tabindex=\"0\" data-message-author-role=\"assistant\" data-message-id=\"ded83fe6-4479-44ec-a4b9-7b8ca9e6c4d6\" data-message-model-slug=\"gpt-5-3\" data-turn-start-message=\"true\">\n<div class=\"flex w-full flex-col gap-1 empty:hidden\">\n<div class=\"markdown prose dark:prose-invert w-full wrap-break-word dark markdown-new-styling\">\n<p data-start=\"241\" data-end=\"636\" data-is-last-node=\"\" data-is-only-node=\"\">Corona para autos RC compatible con plataformas XV02 y TT02, dise\u00f1ada para un funcionamiento suave y eficiente en la transmisi\u00f3n. Cuenta con 68 dientes, ofreciendo un buen balance entre aceleraci\u00f3n y velocidad final. Fabricada en pl\u00e1stico resistente, ayuda a reducir el desgaste del sistema y mejorar la durabilidad general.<\/p>\n<\/div>\n<\/div>\n<\/div>\n<\/div>\n<div class=\"z-0 flex min-h-[46px] justify-start\"><\/div>\n<div class=\"mt-3 w-full empty:hidden\">\n<div class=\"text-center\"><\/div>\n<\/div>\n<\/div>\n<\/div>\n<\/section>\n<\/div>\n<div class=\"pointer-events-none h-px w-px absolute bottom-0\" aria-hidden=\"true\" data-edge=\"true\"><\/div>\n","protected":false},"excerpt":{"rendered":"<p>-Corona compatible con XV02 y TT02<br data-start=\"130\" data-end=\"133\" \/>-68 dientes (68T)<br data-start=\"150\" data-end=\"153\" \/>-Material pl\u00e1stico resistente<\/p>\n","protected":false},"featured_media":1759,"comment_status":"open","ping_status":"closed","template":"","meta":[],"product_brand":[],"product_cat":[405,458,400,428],"product_tag":[],"class_list":{"0":"post-1758","1":"product","2":"type-product","3":"status-publish","4":"has-post-thumbnail","6":"product_cat-accesorio","7":"product_cat-kyosho","8":"product_cat-tamiya","9":"product_cat-xray","10":"product_shipping_class-delivery-gratis","12":"first","13":"instock","14":"shipping-taxable","15":"purchasable","16":"product-type-simple"},"_links":{"self":[{"href":"https:\/\/adventureyankee.com\/index.php?rest_route=\/wp\/v2\/product\/1758","targetHints":{"allow":["GET"]}}],"collection":[{"href":"https:\/\/adventureyankee.com\/index.php?rest_route=\/wp\/v2\/product"}],"about":[{"href":"https:\/\/adventureyankee.com\/index.php?rest_route=\/wp\/v2\/types\/product"}],"replies":[{"embeddable":true,"href":"https:\/\/adventureyankee.com\/index.php?rest_route=%2Fwp%2Fv2%2Fcomments&post=1758"}],"wp:featuredmedia":[{"embeddable":true,"href":"https:\/\/adventureyankee.com\/index.php?rest_route=\/wp\/v2\/media\/1759"}],"wp:attachment":[{"href":"https:\/\/adventureyankee.com\/index.php?rest_route=%2Fwp%2Fv2%2Fmedia&parent=1758"}],"wp:term":[{"taxonomy":"product_brand","embeddable":true,"href":"https:\/\/adventureyankee.com\/index.php?rest_route=%2Fwp%2Fv2%2Fproduct_brand&post=1758"},{"taxonomy":"product_cat","embeddable":true,"href":"https:\/\/adventureyankee.com\/index.php?rest_route=%2Fwp%2Fv2%2Fproduct_cat&post=1758"},{"taxonomy":"product_tag","embeddable":true,"href":"https:\/\/adventureyankee.com\/index.php?rest_route=%2Fwp%2Fv2%2Fproduct_tag&post=1758"}],"curies":[{"name":"wp","href":"https:\/\/api.w.org\/{rel}","templated":true}]}}