{"id":1326,"date":"2026-02-12T16:05:19","date_gmt":"2026-02-12T15:05:19","guid":{"rendered":"https:\/\/adventureyankee.com\/?post_type=product&#038;p=1326"},"modified":"2026-02-12T16:06:50","modified_gmt":"2026-02-12T15:06:50","slug":"avion-a-escala-xk-p-51-mustang-a280-rc","status":"publish","type":"product","link":"https:\/\/adventureyankee.com\/?product=avion-a-escala-xk-p-51-mustang-a280-rc","title":{"rendered":"Avi\u00f3n a escala XK P-51 MUSTANG A280 RC"},"content":{"rendered":"<p class=\"p1\">Avi\u00f3n modelo a escala teledirigido (RC) inspirado en el famoso North American P-51 Mustang de la Segunda Guerra Mundial. Est\u00e1 dise\u00f1ado para aficionados a los aviones RC, especialmente principiantes\/intermedios, con buena estabilidad y capacidad para maniobras acrob\u00e1ticas. Este modelo de avi\u00f3n RC viene en escala 1:48 y es fabricado por XK (marca de modelos de radio control). Est\u00e1 listo para volar (RTF) e incluye todo lo necesario para operarlo: avi\u00f3n, control remoto de 2,4 GHz, bater\u00eda de 7,4 V 600 mAh, cargador USB, h\u00e9lice, y luces LED. el XK A280 P-51 Mustang es un avi\u00f3n RC recreativo de buena calidad, ideal para quienes desean iniciarse o progresar en el vuelo de modelos RC, combinando facilidad de uso, estabilidad y capacidad de acrobacias en un dise\u00f1o inspirado en un cl\u00e1sico de la aviaci\u00f3n.<\/p>\n","protected":false},"excerpt":{"rendered":"<p class=\"p1\">Radio control 2.4ghz<br \/>\n4CH, 2.4GHz<br \/>\nTiempo de vuelo: 7 minutos<br \/>\nAlcance de 80 a 100 metros.<br \/>\nIncluye cargador y Bateria<\/p>\n","protected":false},"featured_media":1409,"comment_status":"open","ping_status":"closed","template":"","meta":[],"product_brand":[],"product_cat":[66],"product_tag":[],"class_list":{"0":"post-1326","1":"product","2":"type-product","3":"status-publish","4":"has-post-thumbnail","6":"product_cat-aeromodelismo","8":"first","9":"instock","10":"shipping-taxable","11":"purchasable","12":"product-type-simple"},"_links":{"self":[{"href":"https:\/\/adventureyankee.com\/index.php?rest_route=\/wp\/v2\/product\/1326","targetHints":{"allow":["GET"]}}],"collection":[{"href":"https:\/\/adventureyankee.com\/index.php?rest_route=\/wp\/v2\/product"}],"about":[{"href":"https:\/\/adventureyankee.com\/index.php?rest_route=\/wp\/v2\/types\/product"}],"replies":[{"embeddable":true,"href":"https:\/\/adventureyankee.com\/index.php?rest_route=%2Fwp%2Fv2%2Fcomments&post=1326"}],"wp:featuredmedia":[{"embeddable":true,"href":"https:\/\/adventureyankee.com\/index.php?rest_route=\/wp\/v2\/media\/1409"}],"wp:attachment":[{"href":"https:\/\/adventureyankee.com\/index.php?rest_route=%2Fwp%2Fv2%2Fmedia&parent=1326"}],"wp:term":[{"taxonomy":"product_brand","embeddable":true,"href":"https:\/\/adventureyankee.com\/index.php?rest_route=%2Fwp%2Fv2%2Fproduct_brand&post=1326"},{"taxonomy":"product_cat","embeddable":true,"href":"https:\/\/adventureyankee.com\/index.php?rest_route=%2Fwp%2Fv2%2Fproduct_cat&post=1326"},{"taxonomy":"product_tag","embeddable":true,"href":"https:\/\/adventureyankee.com\/index.php?rest_route=%2Fwp%2Fv2%2Fproduct_tag&post=1326"}],"curies":[{"name":"wp","href":"https:\/\/api.w.org\/{rel}","templated":true}]}}