{"id":1308,"date":"2026-02-12T16:04:57","date_gmt":"2026-02-12T15:04:57","guid":{"rendered":"https:\/\/adventureyankee.com\/?post_type=product&#038;p=1308"},"modified":"2026-02-12T16:06:45","modified_gmt":"2026-02-12T15:06:45","slug":"tamiya-tt-02-br-kit-1-10-traccion-4wd","status":"publish","type":"product","link":"https:\/\/adventureyankee.com\/?product=tamiya-tt-02-br-kit-1-10-traccion-4wd","title":{"rendered":"TAMIYA TT-02 BR KIT 1\/10 tracci\u00f3n 4wd"},"content":{"rendered":"<p class=\"p1\">El TAMIYA TT-02 BR KIT a escala 1\/10 es un chasis de touring car 4WD en kit sin pintar ni electr\u00f3nica, versi\u00f3n \u00abBig Racing\u00bb mejorada del cl\u00e1sico TT-02, con componentes r\u00edgidos y suspensiones optimizadas para pista y drifting competitivo. Dimensiones: Distancia entre ejes ajustable (251 o 257 mm), ancho de v\u00eda variable, altura al suelo configurable; ruedas est\u00e1ndar 1\/10 touring car. Chasis: Layout longitudinal con motor a la derecha y bater\u00eda a la izquierda, 4 gearboxes independientes f\u00e1ciles de mantener, 10 ratios de engranajes posibles. Peso: Aproximadamente 1.3-1.5 kg (sin electr\u00f3nica ni bater\u00eda), brazos de suspensi\u00f3n id\u00e9nticos izquierda\/derecha para f\u00e1cil ensamblaje. Ideal para principiantes avanzados o racing, con estabilidad superior y tuning extenso para pista asfalto.<\/p>\n","protected":false},"excerpt":{"rendered":"<p class=\"p1\">Escala 1\/10<br \/>\nTransmisi\u00f3n 4WD<br \/>\nRadio de 2.4 GHz<br \/>\nSoporta Bateria LiPo 2s<br \/>\nNo incluye cargador y bateria<br \/>\nColor sujeto a disponibilidad de stock\u2026<\/p>\n<p>&nbsp;<\/p>\n","protected":false},"featured_media":1402,"comment_status":"open","ping_status":"closed","template":"","meta":[],"product_brand":[404],"product_cat":[41,42,400],"product_tag":[],"class_list":{"0":"post-1308","1":"product","2":"type-product","3":"status-publish","4":"has-post-thumbnail","6":"product_brand-tamiya","7":"product_cat-automodelismo","8":"product_cat-off-road","9":"product_cat-tamiya","11":"first","12":"instock","13":"shipping-taxable","14":"purchasable","15":"product-type-simple"},"_links":{"self":[{"href":"https:\/\/adventureyankee.com\/index.php?rest_route=\/wp\/v2\/product\/1308","targetHints":{"allow":["GET"]}}],"collection":[{"href":"https:\/\/adventureyankee.com\/index.php?rest_route=\/wp\/v2\/product"}],"about":[{"href":"https:\/\/adventureyankee.com\/index.php?rest_route=\/wp\/v2\/types\/product"}],"replies":[{"embeddable":true,"href":"https:\/\/adventureyankee.com\/index.php?rest_route=%2Fwp%2Fv2%2Fcomments&post=1308"}],"wp:featuredmedia":[{"embeddable":true,"href":"https:\/\/adventureyankee.com\/index.php?rest_route=\/wp\/v2\/media\/1402"}],"wp:attachment":[{"href":"https:\/\/adventureyankee.com\/index.php?rest_route=%2Fwp%2Fv2%2Fmedia&parent=1308"}],"wp:term":[{"taxonomy":"product_brand","embeddable":true,"href":"https:\/\/adventureyankee.com\/index.php?rest_route=%2Fwp%2Fv2%2Fproduct_brand&post=1308"},{"taxonomy":"product_cat","embeddable":true,"href":"https:\/\/adventureyankee.com\/index.php?rest_route=%2Fwp%2Fv2%2Fproduct_cat&post=1308"},{"taxonomy":"product_tag","embeddable":true,"href":"https:\/\/adventureyankee.com\/index.php?rest_route=%2Fwp%2Fv2%2Fproduct_tag&post=1308"}],"curies":[{"name":"wp","href":"https:\/\/api.w.org\/{rel}","templated":true}]}}