{"id":1290,"date":"2026-02-12T16:04:35","date_gmt":"2026-02-12T15:04:35","guid":{"rendered":"https:\/\/adventureyankee.com\/?post_type=product&#038;p=1290"},"modified":"2026-02-12T16:06:41","modified_gmt":"2026-02-12T15:06:41","slug":"wltoys-104026-rock-crawler-1-10-rc-4wd","status":"publish","type":"product","link":"https:\/\/adventureyankee.com\/?product=wltoys-104026-rock-crawler-1-10-rc-4wd","title":{"rendered":"WLtoys 104026 ROCK CRAWLER 1\/10 RC 4wd"},"content":{"rendered":"<p class=\"p1\">El WLTOYS 104026 es un rock crawler RC a escala 1\/10 con tracci\u00f3n 4WD, dise\u00f1ado para terrenos off-road extremos como rocas y pendientes pronunciadas, con un enfoque en torque alto y velocidad controlada. Velocidad m\u00e1xima: 11 km\/h (alta), 3 km\/h (baja); control remoto 2.4GHz a 100 m (4 pilas AAA no incluidas). Suspensi\u00f3n de cuatro barras delanteras\/traseras, portal axles, luces LED, winch el\u00e9ctrico opcional y neum\u00e1ticos de goma para agarre superior. Materiales: Nylon, ABS, metal y componentes electr\u00f3nicos para durabilidad.<\/p>\n","protected":false},"excerpt":{"rendered":"<p class=\"p1\">Escala 1\/10<br \/>\nTracci\u00f3n 4wd<br \/>\nServo de metal 25kg de torque<br \/>\nMotor a escobilla de carbono Molinete, luces + barra led.<br \/>\nIncluye cargador original y Bater\u00eda<br \/>\nColores sujeto a disponibilidad de stock\u2026<\/p>\n","protected":false},"featured_media":1393,"comment_status":"open","ping_status":"closed","template":"","meta":[],"product_brand":[53],"product_cat":[41,42,48],"product_tag":[],"class_list":{"0":"post-1290","1":"product","2":"type-product","3":"status-publish","4":"has-post-thumbnail","6":"product_brand-wltoy","7":"product_cat-automodelismo","8":"product_cat-off-road","9":"product_cat-wltoys","11":"first","12":"instock","13":"shipping-taxable","14":"purchasable","15":"product-type-simple"},"_links":{"self":[{"href":"https:\/\/adventureyankee.com\/index.php?rest_route=\/wp\/v2\/product\/1290","targetHints":{"allow":["GET"]}}],"collection":[{"href":"https:\/\/adventureyankee.com\/index.php?rest_route=\/wp\/v2\/product"}],"about":[{"href":"https:\/\/adventureyankee.com\/index.php?rest_route=\/wp\/v2\/types\/product"}],"replies":[{"embeddable":true,"href":"https:\/\/adventureyankee.com\/index.php?rest_route=%2Fwp%2Fv2%2Fcomments&post=1290"}],"wp:featuredmedia":[{"embeddable":true,"href":"https:\/\/adventureyankee.com\/index.php?rest_route=\/wp\/v2\/media\/1393"}],"wp:attachment":[{"href":"https:\/\/adventureyankee.com\/index.php?rest_route=%2Fwp%2Fv2%2Fmedia&parent=1290"}],"wp:term":[{"taxonomy":"product_brand","embeddable":true,"href":"https:\/\/adventureyankee.com\/index.php?rest_route=%2Fwp%2Fv2%2Fproduct_brand&post=1290"},{"taxonomy":"product_cat","embeddable":true,"href":"https:\/\/adventureyankee.com\/index.php?rest_route=%2Fwp%2Fv2%2Fproduct_cat&post=1290"},{"taxonomy":"product_tag","embeddable":true,"href":"https:\/\/adventureyankee.com\/index.php?rest_route=%2Fwp%2Fv2%2Fproduct_tag&post=1290"}],"curies":[{"name":"wp","href":"https:\/\/api.w.org\/{rel}","templated":true}]}}