{"id":1257,"date":"2026-02-12T16:03:49","date_gmt":"2026-02-12T15:03:49","guid":{"rendered":"https:\/\/adventureyankee.com\/?post_type=product&#038;p=1257"},"modified":"2026-02-12T16:06:11","modified_gmt":"2026-02-12T15:06:11","slug":"traxxas-ford-fiesta-st-rally-vxl-1-10-brushless-4wd","status":"publish","type":"product","link":"https:\/\/adventureyankee.com\/?product=traxxas-ford-fiesta-st-rally-vxl-1-10-brushless-4wd","title":{"rendered":"Traxxas Ford Fiesta ST Rally VXL 1\/10 Brushless 4WD"},"content":{"rendered":"<p>El <strong data-start=\"794\" data-end=\"830\">Traxxas Ford Fiesta ST Rally VXL<\/strong> combina potencia brushless y control de tracci\u00f3n total en un chasis 1\/10 dise\u00f1ado para el rendimiento en pista y condiciones mixtas. Su estructura cerrada protege la electr\u00f3nica, mientras que su centro de gravedad bajo favorece el control y la aceleraci\u00f3n en tramos veloces.<br \/>\nImpulsado por el sistema <strong data-start=\"1134\" data-end=\"1169\">Velineon 3500 kV con ESC VXL-3s<\/strong>, este rally car es capaz de alcanzar velocidades superiores a los <strong data-start=\"1236\" data-end=\"1248\">100 km\/h<\/strong> (con bater\u00eda 3S y pi\u00f1\u00f3n opcional). Su <strong data-start=\"1287\" data-end=\"1336\">suspensi\u00f3n independiente en las cuatro ruedas<\/strong> con amortiguadores de aceite permite un excelente agarre y estabilidad.<\/p>\n","protected":false},"excerpt":{"rendered":"<p>Escala 1\/10<br \/>\nMotor brushless Velineon<br \/>\nTracci\u00f3n total 4WD<br \/>\nIncluye herramientas mantenimiento<br \/>\nNo incluye Cargador y bateria<\/p>\n","protected":false},"featured_media":1363,"comment_status":"open","ping_status":"closed","template":"","meta":[],"product_brand":[],"product_cat":[41,46],"product_tag":[],"class_list":{"0":"post-1257","1":"product","2":"type-product","3":"status-publish","4":"has-post-thumbnail","6":"product_cat-automodelismo","7":"product_cat-on-road","9":"first","10":"outofstock","11":"shipping-taxable","12":"purchasable","13":"product-type-simple"},"_links":{"self":[{"href":"https:\/\/adventureyankee.com\/index.php?rest_route=\/wp\/v2\/product\/1257","targetHints":{"allow":["GET"]}}],"collection":[{"href":"https:\/\/adventureyankee.com\/index.php?rest_route=\/wp\/v2\/product"}],"about":[{"href":"https:\/\/adventureyankee.com\/index.php?rest_route=\/wp\/v2\/types\/product"}],"replies":[{"embeddable":true,"href":"https:\/\/adventureyankee.com\/index.php?rest_route=%2Fwp%2Fv2%2Fcomments&post=1257"}],"wp:featuredmedia":[{"embeddable":true,"href":"https:\/\/adventureyankee.com\/index.php?rest_route=\/wp\/v2\/media\/1363"}],"wp:attachment":[{"href":"https:\/\/adventureyankee.com\/index.php?rest_route=%2Fwp%2Fv2%2Fmedia&parent=1257"}],"wp:term":[{"taxonomy":"product_brand","embeddable":true,"href":"https:\/\/adventureyankee.com\/index.php?rest_route=%2Fwp%2Fv2%2Fproduct_brand&post=1257"},{"taxonomy":"product_cat","embeddable":true,"href":"https:\/\/adventureyankee.com\/index.php?rest_route=%2Fwp%2Fv2%2Fproduct_cat&post=1257"},{"taxonomy":"product_tag","embeddable":true,"href":"https:\/\/adventureyankee.com\/index.php?rest_route=%2Fwp%2Fv2%2Fproduct_tag&post=1257"}],"curies":[{"name":"wp","href":"https:\/\/api.w.org\/{rel}","templated":true}]}}