{"id":1256,"date":"2026-02-12T16:03:49","date_gmt":"2026-02-12T15:03:49","guid":{"rendered":"https:\/\/adventureyankee.com\/?post_type=product&#038;p=1256"},"modified":"2026-02-12T16:06:05","modified_gmt":"2026-02-12T15:06:05","slug":"tamiya-volkswagen-beetle-rally-rtr-110","status":"publish","type":"product","link":"https:\/\/adventureyankee.com\/?product=tamiya-volkswagen-beetle-rally-rtr-110","title":{"rendered":"Tamiya VOLKSWAGEN BEETLE RALLY RTR 1:10"},"content":{"rendered":"<p class=\"p1\">El\u00a0Tamiya Volkswagen Beetle Rally RTR\u00a0(Ready To Run), basado en el chasis MF-01X, es una r\u00e9plica a escala 1\/10 del cl\u00e1sico Volkswagen Beetle adaptado para rally, inspirado en los hist\u00f3ricos \u00abEscarabajos\u00bb que participaron en competencias de rally entre los a\u00f1os 50 y 80. El Tamiya Volkswagen Beetle Rally RTR es una opci\u00f3n ideal para quienes buscan un modelo RC cl\u00e1sico, robusto y vers\u00e1til, capaz de enfrentarse tanto a asfalto como a caminos de tierra, con una est\u00e9tica ic\u00f3nica.<\/p>\n","protected":false},"excerpt":{"rendered":"<p class=\"p1\">Escala 1\/10.<br \/>\nTracci\u00f3n 4WD<br \/>\nRadio de 2 canales de 2.4 GHz.<br \/>\nIncluye cargador y Bater\u00eda<br \/>\nColores sujeto a disponibilidad\u2026<\/p>\n","protected":false},"featured_media":1360,"comment_status":"open","ping_status":"closed","template":"","meta":[],"product_brand":[],"product_cat":[41,46],"product_tag":[],"class_list":{"0":"post-1256","1":"product","2":"type-product","3":"status-publish","4":"has-post-thumbnail","6":"product_cat-automodelismo","7":"product_cat-on-road","9":"first","10":"instock","11":"shipping-taxable","12":"purchasable","13":"product-type-simple"},"_links":{"self":[{"href":"https:\/\/adventureyankee.com\/index.php?rest_route=\/wp\/v2\/product\/1256","targetHints":{"allow":["GET"]}}],"collection":[{"href":"https:\/\/adventureyankee.com\/index.php?rest_route=\/wp\/v2\/product"}],"about":[{"href":"https:\/\/adventureyankee.com\/index.php?rest_route=\/wp\/v2\/types\/product"}],"replies":[{"embeddable":true,"href":"https:\/\/adventureyankee.com\/index.php?rest_route=%2Fwp%2Fv2%2Fcomments&post=1256"}],"wp:featuredmedia":[{"embeddable":true,"href":"https:\/\/adventureyankee.com\/index.php?rest_route=\/wp\/v2\/media\/1360"}],"wp:attachment":[{"href":"https:\/\/adventureyankee.com\/index.php?rest_route=%2Fwp%2Fv2%2Fmedia&parent=1256"}],"wp:term":[{"taxonomy":"product_brand","embeddable":true,"href":"https:\/\/adventureyankee.com\/index.php?rest_route=%2Fwp%2Fv2%2Fproduct_brand&post=1256"},{"taxonomy":"product_cat","embeddable":true,"href":"https:\/\/adventureyankee.com\/index.php?rest_route=%2Fwp%2Fv2%2Fproduct_cat&post=1256"},{"taxonomy":"product_tag","embeddable":true,"href":"https:\/\/adventureyankee.com\/index.php?rest_route=%2Fwp%2Fv2%2Fproduct_tag&post=1256"}],"curies":[{"name":"wp","href":"https:\/\/api.w.org\/{rel}","templated":true}]}}