{"id":1254,"date":"2026-02-12T16:03:49","date_gmt":"2026-02-12T15:03:49","guid":{"rendered":"https:\/\/adventureyankee.com\/?post_type=product&#038;p=1254"},"modified":"2026-02-12T16:05:58","modified_gmt":"2026-02-12T15:05:58","slug":"traxxas-xrt-ultimate-monster","status":"publish","type":"product","link":"https:\/\/adventureyankee.com\/?product=traxxas-xrt-ultimate-monster","title":{"rendered":"Traxxas XRT Ultimate-Monster"},"content":{"rendered":"<p>El <strong data-start=\"591\" data-end=\"615\">Traxxas XRT Ultimate<\/strong> combina la versatilidad de un truggy con la potencia del sistema Velineon 8s. Basado en el XRT original, esta versi\u00f3n \u201cUltimate\u201d a\u00f1ade piezas de aluminio de alta resistencia y componentes reforzados para mayor durabilidad y mejor transferencia de potencia. El chasis de perfil bajo, con transmisi\u00f3n 4WD a trav\u00e9s de ejes, ofrece una conducci\u00f3n estable y precisa. Perfecto para quien busca un rendimiento superior y sensaci\u00f3n profesional desde la caja<\/p>\n","protected":false},"excerpt":{"rendered":"<p>Nivel de Skill: 5<br \/>\nTraccion:4WD<br \/>\nRadio control: TQi\u2122 2.4 GHz<br \/>\nEscala: 1\/6<br \/>\nmaterial:piezas de aluminio reforzado<br \/>\nVelocidad:96 km\/h con las bater\u00edas adecuadas<br \/>\nNo inclkuye Cargador y bateria<\/p>\n","protected":false},"featured_media":1352,"comment_status":"open","ping_status":"closed","template":"","meta":[],"product_brand":[],"product_cat":[41,42,43],"product_tag":[],"class_list":{"0":"post-1254","1":"product","2":"type-product","3":"status-publish","4":"has-post-thumbnail","6":"product_cat-automodelismo","7":"product_cat-off-road","8":"product_cat-traxxas","10":"first","11":"instock","12":"shipping-taxable","13":"purchasable","14":"product-type-simple"},"_links":{"self":[{"href":"https:\/\/adventureyankee.com\/index.php?rest_route=\/wp\/v2\/product\/1254","targetHints":{"allow":["GET"]}}],"collection":[{"href":"https:\/\/adventureyankee.com\/index.php?rest_route=\/wp\/v2\/product"}],"about":[{"href":"https:\/\/adventureyankee.com\/index.php?rest_route=\/wp\/v2\/types\/product"}],"replies":[{"embeddable":true,"href":"https:\/\/adventureyankee.com\/index.php?rest_route=%2Fwp%2Fv2%2Fcomments&post=1254"}],"wp:featuredmedia":[{"embeddable":true,"href":"https:\/\/adventureyankee.com\/index.php?rest_route=\/wp\/v2\/media\/1352"}],"wp:attachment":[{"href":"https:\/\/adventureyankee.com\/index.php?rest_route=%2Fwp%2Fv2%2Fmedia&parent=1254"}],"wp:term":[{"taxonomy":"product_brand","embeddable":true,"href":"https:\/\/adventureyankee.com\/index.php?rest_route=%2Fwp%2Fv2%2Fproduct_brand&post=1254"},{"taxonomy":"product_cat","embeddable":true,"href":"https:\/\/adventureyankee.com\/index.php?rest_route=%2Fwp%2Fv2%2Fproduct_cat&post=1254"},{"taxonomy":"product_tag","embeddable":true,"href":"https:\/\/adventureyankee.com\/index.php?rest_route=%2Fwp%2Fv2%2Fproduct_tag&post=1254"}],"curies":[{"name":"wp","href":"https:\/\/api.w.org\/{rel}","templated":true}]}}