{"id":1237,"date":"2026-02-12T16:03:26","date_gmt":"2026-02-12T15:03:26","guid":{"rendered":"https:\/\/adventureyankee.com\/?post_type=product&#038;p=1237"},"modified":"2026-02-12T16:05:48","modified_gmt":"2026-02-12T15:05:48","slug":"hpi-racing-crawler-king-panther-1-10-rtr","status":"publish","type":"product","link":"https:\/\/adventureyankee.com\/?product=hpi-racing-crawler-king-panther-1-10-rtr","title":{"rendered":"HPI Racing Crawler King Panther 1\/10 RTR"},"content":{"rendered":"<p>El HPI Racing Crawler King Panther RTR a escala 1\/10 est\u00e1 dise\u00f1ado para conquistar terrenos dif\u00edciles con una mec\u00e1nica robusta y tracci\u00f3n total permanente. Su sistema de suspensi\u00f3n de largo recorrido y ejes s\u00f3lidos le otorgan una gran capacidad de articulaci\u00f3n, perfecta para sortear obst\u00e1culos con precisi\u00f3n y estabilidad.<\/p>\n","protected":false},"excerpt":{"rendered":"<p data-start=\"260\" data-end=\"274\">Escala: 1\/10<br \/>\ntransmisi\u00f3n de dos velocidad<br \/>\nRadio de 2.4 GHz<\/p>\n","protected":false},"featured_media":1347,"comment_status":"open","ping_status":"closed","template":"","meta":[],"product_brand":[],"product_cat":[41,48],"product_tag":[],"class_list":{"0":"post-1237","1":"product","2":"type-product","3":"status-publish","4":"has-post-thumbnail","6":"product_cat-automodelismo","7":"product_cat-wltoys","8":"product_shipping_class-delivery-gratis","10":"first","11":"outofstock","12":"shipping-taxable","13":"purchasable","14":"product-type-simple"},"_links":{"self":[{"href":"https:\/\/adventureyankee.com\/index.php?rest_route=\/wp\/v2\/product\/1237","targetHints":{"allow":["GET"]}}],"collection":[{"href":"https:\/\/adventureyankee.com\/index.php?rest_route=\/wp\/v2\/product"}],"about":[{"href":"https:\/\/adventureyankee.com\/index.php?rest_route=\/wp\/v2\/types\/product"}],"replies":[{"embeddable":true,"href":"https:\/\/adventureyankee.com\/index.php?rest_route=%2Fwp%2Fv2%2Fcomments&post=1237"}],"wp:featuredmedia":[{"embeddable":true,"href":"https:\/\/adventureyankee.com\/index.php?rest_route=\/wp\/v2\/media\/1347"}],"wp:attachment":[{"href":"https:\/\/adventureyankee.com\/index.php?rest_route=%2Fwp%2Fv2%2Fmedia&parent=1237"}],"wp:term":[{"taxonomy":"product_brand","embeddable":true,"href":"https:\/\/adventureyankee.com\/index.php?rest_route=%2Fwp%2Fv2%2Fproduct_brand&post=1237"},{"taxonomy":"product_cat","embeddable":true,"href":"https:\/\/adventureyankee.com\/index.php?rest_route=%2Fwp%2Fv2%2Fproduct_cat&post=1237"},{"taxonomy":"product_tag","embeddable":true,"href":"https:\/\/adventureyankee.com\/index.php?rest_route=%2Fwp%2Fv2%2Fproduct_tag&post=1237"}],"curies":[{"name":"wp","href":"https:\/\/api.w.org\/{rel}","templated":true}]}}