{"id":1221,"date":"2026-02-12T16:03:02","date_gmt":"2026-02-12T15:03:02","guid":{"rendered":"https:\/\/adventureyankee.com\/?post_type=product&#038;p=1221"},"modified":"2026-02-12T16:05:35","modified_gmt":"2026-02-12T15:05:35","slug":"drone-lyzrc-l900-pro-full-hd-naranja","status":"publish","type":"product","link":"https:\/\/adventureyankee.com\/?product=drone-lyzrc-l900-pro-full-hd-naranja","title":{"rendered":"Drone LYZRC L900 Pro Full HD- Naranja"},"content":{"rendered":"<p>El Drone LYZRC L900 Pro Full HD es una maravilla tecnol\u00f3gica que ofrece una experiencia de vuelo excepcional. Con un impresionante tiempo de vuelo de 28 minutos, este dron te permite explorar el cielo con total libertad. Su avanzada transmisi\u00f3n inal\u00e1mbrica FPV garantiza una conexi\u00f3n estable para que disfrutes de vistas en tiempo real. La calidad de imagen es una prioridad con una resoluci\u00f3n de video Full HD de 1920 x 1080p, lo que significa que cada momento capturado ser\u00e1 n\u00edtido y lleno de detalles. El giroscopio de 6 ejes proporciona una estabilidad excepcional durante el vuelo,<\/p>\n","protected":false},"excerpt":{"rendered":"<ul>\n<li><strong>Tiempo de vuelo:\u00a0<\/strong>28 min<\/li>\n<li><strong>Transmision\u00a0inal\u00e1mbrica:\u00a0<\/strong>FPV<\/li>\n<li><strong>Resolucion de Video:<\/strong>\u00a0Full HD 1920 x 1080p<\/li>\n<li><strong>C\u00e1mara de cardan de:<\/strong>\u00a06 ejes<\/li>\n<li><strong>Incluye:<\/strong>\u00a0Estuche y accesorios<\/li>\n<\/ul>\n","protected":false},"featured_media":1339,"comment_status":"open","ping_status":"closed","template":"","meta":[],"product_brand":[],"product_cat":[37],"product_tag":[],"class_list":{"0":"post-1221","1":"product","2":"type-product","3":"status-publish","4":"has-post-thumbnail","6":"product_cat-drones-juguetes-y-hobbies","7":"product_shipping_class-delivery-gratis","9":"first","10":"outofstock","11":"shipping-taxable","12":"purchasable","13":"product-type-simple"},"_links":{"self":[{"href":"https:\/\/adventureyankee.com\/index.php?rest_route=\/wp\/v2\/product\/1221","targetHints":{"allow":["GET"]}}],"collection":[{"href":"https:\/\/adventureyankee.com\/index.php?rest_route=\/wp\/v2\/product"}],"about":[{"href":"https:\/\/adventureyankee.com\/index.php?rest_route=\/wp\/v2\/types\/product"}],"replies":[{"embeddable":true,"href":"https:\/\/adventureyankee.com\/index.php?rest_route=%2Fwp%2Fv2%2Fcomments&post=1221"}],"wp:featuredmedia":[{"embeddable":true,"href":"https:\/\/adventureyankee.com\/index.php?rest_route=\/wp\/v2\/media\/1339"}],"wp:attachment":[{"href":"https:\/\/adventureyankee.com\/index.php?rest_route=%2Fwp%2Fv2%2Fmedia&parent=1221"}],"wp:term":[{"taxonomy":"product_brand","embeddable":true,"href":"https:\/\/adventureyankee.com\/index.php?rest_route=%2Fwp%2Fv2%2Fproduct_brand&post=1221"},{"taxonomy":"product_cat","embeddable":true,"href":"https:\/\/adventureyankee.com\/index.php?rest_route=%2Fwp%2Fv2%2Fproduct_cat&post=1221"},{"taxonomy":"product_tag","embeddable":true,"href":"https:\/\/adventureyankee.com\/index.php?rest_route=%2Fwp%2Fv2%2Fproduct_tag&post=1221"}],"curies":[{"name":"wp","href":"https:\/\/api.w.org\/{rel}","templated":true}]}}