{"id":1217,"date":"2026-02-12T16:03:02","date_gmt":"2026-02-12T15:03:02","guid":{"rendered":"https:\/\/adventureyankee.com\/?post_type=product&#038;p=1217"},"modified":"2026-02-12T16:05:15","modified_gmt":"2026-02-12T15:05:15","slug":"auto-rc-wltoys-12428-4x4-1-12-rock-crawler","status":"publish","type":"product","link":"https:\/\/adventureyankee.com\/?product=auto-rc-wltoys-12428-4x4-1-12-rock-crawler","title":{"rendered":"Auto RC WLtoys 12428 4&#215;4  1\/12 Rock Crawler"},"content":{"rendered":"<p>El <strong data-start=\"603\" data-end=\"619\">WLtoys 12428<\/strong> es un <strong data-start=\"626\" data-end=\"673\">auto a control remoto 4&#215;4 de alta velocidad<\/strong>, dise\u00f1ado para ofrecer una experiencia extrema tanto a adultos como ni\u00f1os. Con su potente motor el\u00e9ctrico y sistema de tracci\u00f3n en las cuatro ruedas, este <strong data-start=\"829\" data-end=\"860\">RC Rock Crawler escala 1\/12<\/strong> alcanza velocidades de hasta <strong data-start=\"890\" data-end=\"913\">50 km\/h <\/strong>, desafiando cualquier tipo de terreno, desde tierra hasta grava o c\u00e9sped.<\/p>\n","protected":false},"excerpt":{"rendered":"<p>Escala: 1\/12<br \/>\nTracci\u00f3n: 4WD<br \/>\nVelocidad m\u00e1xima: 50 km\/h<br \/>\nFrecuencia: 2.4 GHz<br \/>\nTipo: Rock Crawler todoterreno<\/p>\n","protected":false},"featured_media":1320,"comment_status":"open","ping_status":"closed","template":"","meta":[],"product_brand":[],"product_cat":[42,48],"product_tag":[],"class_list":{"0":"post-1217","1":"product","2":"type-product","3":"status-publish","4":"has-post-thumbnail","6":"product_cat-off-road","7":"product_cat-wltoys","8":"product_shipping_class-delivery-gratis","10":"first","11":"instock","12":"shipping-taxable","13":"purchasable","14":"product-type-simple"},"_links":{"self":[{"href":"https:\/\/adventureyankee.com\/index.php?rest_route=\/wp\/v2\/product\/1217","targetHints":{"allow":["GET"]}}],"collection":[{"href":"https:\/\/adventureyankee.com\/index.php?rest_route=\/wp\/v2\/product"}],"about":[{"href":"https:\/\/adventureyankee.com\/index.php?rest_route=\/wp\/v2\/types\/product"}],"replies":[{"embeddable":true,"href":"https:\/\/adventureyankee.com\/index.php?rest_route=%2Fwp%2Fv2%2Fcomments&post=1217"}],"wp:featuredmedia":[{"embeddable":true,"href":"https:\/\/adventureyankee.com\/index.php?rest_route=\/wp\/v2\/media\/1320"}],"wp:attachment":[{"href":"https:\/\/adventureyankee.com\/index.php?rest_route=%2Fwp%2Fv2%2Fmedia&parent=1217"}],"wp:term":[{"taxonomy":"product_brand","embeddable":true,"href":"https:\/\/adventureyankee.com\/index.php?rest_route=%2Fwp%2Fv2%2Fproduct_brand&post=1217"},{"taxonomy":"product_cat","embeddable":true,"href":"https:\/\/adventureyankee.com\/index.php?rest_route=%2Fwp%2Fv2%2Fproduct_cat&post=1217"},{"taxonomy":"product_tag","embeddable":true,"href":"https:\/\/adventureyankee.com\/index.php?rest_route=%2Fwp%2Fv2%2Fproduct_tag&post=1217"}],"curies":[{"name":"wp","href":"https:\/\/api.w.org\/{rel}","templated":true}]}}