{"id":1216,"date":"2026-02-12T16:03:02","date_gmt":"2026-02-12T15:03:02","guid":{"rendered":"https:\/\/adventureyankee.com\/?post_type=product&#038;p=1216"},"modified":"2026-02-12T16:05:11","modified_gmt":"2026-02-12T15:05:11","slug":"fms-110-ford-f100-monster-truck-2wd-rtr-rs","status":"publish","type":"product","link":"https:\/\/adventureyankee.com\/?product=fms-110-ford-f100-monster-truck-2wd-rtr-rs","title":{"rendered":"FMS 1:10 Ford F100 Monster Truck 2WD RTR \/ RS"},"content":{"rendered":"<p data-start=\"879\" data-end=\"997\"><span class=\"relative -mx-px my-[-0.2rem] rounded px-px py-[0.2rem] transition-colors duration-100 ease-in-out\">El <strong data-start=\"3\" data-end=\"47\">FMS 1:10 Ford F100 Monster Truck 2WD RTR<\/strong> es una r\u00e9plica a escala del cl\u00e1sico Ford F100, combinando un dise\u00f1o retro con capacidades modernas de conducci\u00f3n todoterreno.<\/span> <span class=\"relative -mx-px my-[-0.2rem] rounded px-px py-[0.2rem] transition-colors duration-100 ease-in-out\">Su carrocer\u00eda de policarbonato resistente presenta detalles aut\u00e9nticos, como una parrilla finamente elaborada y componentes anti-colisi\u00f3n, que realzan su apariencia realista.<\/span><\/p>\n<p data-start=\"999\" data-end=\"1157\"><span class=\"relative -mx-px my-[-0.2rem] rounded px-px py-[0.2rem] transition-colors duration-100 ease-in-out\">El chasis de nylon de alta resistencia proporciona durabilidad y un rendimiento ligero, mejorando la maniobrabilidad.<\/span> <span class=\"relative -mx-px my-[-0.2rem] rounded px-px py-[0.2rem] transition-colors duration-100 ease-in-out\">El compartimento de la bater\u00eda, ubicado en una posici\u00f3n central, optimiza la distribuci\u00f3n del peso para un mejor control.<\/span><\/p>\n","protected":false},"excerpt":{"rendered":"<p data-start=\"307\" data-end=\"354\"><strong data-start=\"307\" data-end=\"316\">Tipo:<\/strong> <span class=\"relative -mx-px my-[-0.2rem] rounded px-px py-[0.2rem] transition-colors duration-100 ease-in-out\">Camioneta Monster Truck a escala 1\/10, lista para usar (RTR)<br \/>\n<\/span><strong data-start=\"357\" data-end=\"370\">Tracci\u00f3n:<\/strong> <span class=\"relative -mx-px my-[-0.2rem] rounded px-px py-[0.2rem] transition-colors duration-100 ease-in-out\">2WD (tracci\u00f3n trasera)<br \/>\n<\/span><strong data-start=\"411\" data-end=\"424\">Material:<\/strong> <span class=\"relative -mx-px my-[-0.2rem] rounded px-px py-[0.2rem] transition-colors duration-100 ease-in-out\">Carrocer\u00eda de policarbonato resistente con detalles electrochapados<br \/>\n<\/span><strong data-start=\"518\" data-end=\"533\">Suspensi\u00f3n:<\/strong> <span class=\"relative -mx-px my-[-0.2rem] rounded px-px py-[0.2rem] transition-colors duration-100 ease-in-out\">Independiente en las cuatro ruedas con amortiguadores hidr\u00e1ulicos de largo recorrido<br \/>\n<\/span><strong data-start=\"576\" data-end=\"588\">Control:<\/strong> <span class=\"relative -mx-px my-[-0.2rem] rounded px-px py-[0.2rem] transition-colors duration-100 ease-in-out\">Radio de 2.4 GHz<\/span><\/p>\n<p data-start=\"631\" data-end=\"685\">\n","protected":false},"featured_media":1318,"comment_status":"open","ping_status":"closed","template":"","meta":[],"product_brand":[],"product_cat":[41,64,42],"product_tag":[],"class_list":{"0":"post-1216","1":"product","2":"type-product","3":"status-publish","4":"has-post-thumbnail","6":"product_cat-automodelismo","7":"product_cat-fms","8":"product_cat-off-road","9":"product_shipping_class-delivery-gratis","11":"first","12":"instock","13":"shipping-taxable","14":"purchasable","15":"product-type-simple"},"_links":{"self":[{"href":"https:\/\/adventureyankee.com\/index.php?rest_route=\/wp\/v2\/product\/1216","targetHints":{"allow":["GET"]}}],"collection":[{"href":"https:\/\/adventureyankee.com\/index.php?rest_route=\/wp\/v2\/product"}],"about":[{"href":"https:\/\/adventureyankee.com\/index.php?rest_route=\/wp\/v2\/types\/product"}],"replies":[{"embeddable":true,"href":"https:\/\/adventureyankee.com\/index.php?rest_route=%2Fwp%2Fv2%2Fcomments&post=1216"}],"wp:featuredmedia":[{"embeddable":true,"href":"https:\/\/adventureyankee.com\/index.php?rest_route=\/wp\/v2\/media\/1318"}],"wp:attachment":[{"href":"https:\/\/adventureyankee.com\/index.php?rest_route=%2Fwp%2Fv2%2Fmedia&parent=1216"}],"wp:term":[{"taxonomy":"product_brand","embeddable":true,"href":"https:\/\/adventureyankee.com\/index.php?rest_route=%2Fwp%2Fv2%2Fproduct_brand&post=1216"},{"taxonomy":"product_cat","embeddable":true,"href":"https:\/\/adventureyankee.com\/index.php?rest_route=%2Fwp%2Fv2%2Fproduct_cat&post=1216"},{"taxonomy":"product_tag","embeddable":true,"href":"https:\/\/adventureyankee.com\/index.php?rest_route=%2Fwp%2Fv2%2Fproduct_tag&post=1216"}],"curies":[{"name":"wp","href":"https:\/\/api.w.org\/{rel}","templated":true}]}}