{"id":1199,"date":"2026-02-12T16:02:42","date_gmt":"2026-02-12T15:02:42","guid":{"rendered":"https:\/\/adventureyankee.com\/?post_type=product&#038;p=1199"},"modified":"2026-02-12T16:04:56","modified_gmt":"2026-02-12T15:04:56","slug":"roc-hobby-atlas-mud-master-rs-1-10-4wd","status":"publish","type":"product","link":"https:\/\/adventureyankee.com\/?product=roc-hobby-atlas-mud-master-rs-1-10-4wd","title":{"rendered":"Roc Hobby Atlas Mud Master RS 1\/10 4WD"},"content":{"rendered":"<p data-start=\"905\" data-end=\"983\"><span class=\"relative -mx-px my-[-0.2rem] rounded px-px py-[0.2rem] transition-colors duration-100 ease-in-out\">El <strong data-start=\"3\" data-end=\"45\">Roc Hobby Atlas Mud Master RS 1\/10 4WD<\/strong> es un crawler RC dise\u00f1ado para enfrentar los terrenos m\u00e1s desafiantes. Su chasis met\u00e1lico r\u00edgido y la carrocer\u00eda de PVC con una jaula antivuelco de nailon proporcionan durabilidad y resistencia en condiciones extremas.<\/span><\/p>\n<p data-start=\"985\" data-end=\"1063\">El sistema de control de 2.4 GHz de 2 canales garantiza una comunicaci\u00f3n estable y precisa entre el transmisor y el veh\u00edculo, permitiendo un control fluido y responsivo.<\/p>\n","protected":false},"excerpt":{"rendered":"<p data-start=\"280\" data-end=\"327\"><strong data-start=\"280\" data-end=\"289\">Tipo:<\/strong> <span class=\"relative -mx-px my-[-0.2rem] rounded px-px py-[0.2rem] transition-colors duration-100 ease-in-out\">Crawler RC a escala 1\/10, listo para correr (RTR)<br \/>\n<\/span><strong data-start=\"330\" data-end=\"343\">Tracci\u00f3n:<\/strong> <span class=\"relative -mx-px my-[-0.2rem] rounded px-px py-[0.2rem] transition-colors duration-100 ease-in-out\">4WD (tracci\u00f3n en las cuatro ruedas)<br \/>\n<\/span><strong data-start=\"384\" data-end=\"397\">Material:<\/strong> <span class=\"relative -mx-px my-[-0.2rem] rounded px-px py-[0.2rem] transition-colors duration-100 ease-in-out\">Chasis met\u00e1lico r\u00edgido con carrocer\u00eda de PVC y jaula antivuelco de nailon<br \/>\n<\/span><strong data-start=\"438\" data-end=\"448\">Motor:<\/strong> <span class=\"relative -mx-px my-[-0.2rem] rounded px-px py-[0.2rem] transition-colors duration-100 ease-in-out\">Brushed 550 de 35T<br \/>\n<\/span><strong data-start=\"491\" data-end=\"506\">Suspensi\u00f3n:<\/strong> <span class=\"relative -mx-px my-[-0.2rem] rounded px-px py-[0.2rem] transition-colors duration-100 ease-in-out\">Sistema de suspensi\u00f3n de cuatro brazos<\/span><\/p>\n","protected":false},"featured_media":1304,"comment_status":"open","ping_status":"closed","template":"","meta":[],"product_brand":[],"product_cat":[66],"product_tag":[],"class_list":{"0":"post-1199","1":"product","2":"type-product","3":"status-publish","4":"has-post-thumbnail","6":"product_cat-aeromodelismo","7":"product_shipping_class-delivery-gratis","9":"first","10":"instock","11":"shipping-taxable","12":"purchasable","13":"product-type-simple"},"_links":{"self":[{"href":"https:\/\/adventureyankee.com\/index.php?rest_route=\/wp\/v2\/product\/1199","targetHints":{"allow":["GET"]}}],"collection":[{"href":"https:\/\/adventureyankee.com\/index.php?rest_route=\/wp\/v2\/product"}],"about":[{"href":"https:\/\/adventureyankee.com\/index.php?rest_route=\/wp\/v2\/types\/product"}],"replies":[{"embeddable":true,"href":"https:\/\/adventureyankee.com\/index.php?rest_route=%2Fwp%2Fv2%2Fcomments&post=1199"}],"wp:featuredmedia":[{"embeddable":true,"href":"https:\/\/adventureyankee.com\/index.php?rest_route=\/wp\/v2\/media\/1304"}],"wp:attachment":[{"href":"https:\/\/adventureyankee.com\/index.php?rest_route=%2Fwp%2Fv2%2Fmedia&parent=1199"}],"wp:term":[{"taxonomy":"product_brand","embeddable":true,"href":"https:\/\/adventureyankee.com\/index.php?rest_route=%2Fwp%2Fv2%2Fproduct_brand&post=1199"},{"taxonomy":"product_cat","embeddable":true,"href":"https:\/\/adventureyankee.com\/index.php?rest_route=%2Fwp%2Fv2%2Fproduct_cat&post=1199"},{"taxonomy":"product_tag","embeddable":true,"href":"https:\/\/adventureyankee.com\/index.php?rest_route=%2Fwp%2Fv2%2Fproduct_tag&post=1199"}],"curies":[{"name":"wp","href":"https:\/\/api.w.org\/{rel}","templated":true}]}}