{"id":1178,"date":"2026-02-12T16:02:18","date_gmt":"2026-02-12T15:02:18","guid":{"rendered":"https:\/\/adventureyankee.com\/?post_type=product&#038;p=1178"},"modified":"2026-02-12T16:04:44","modified_gmt":"2026-02-12T15:04:44","slug":"avion-mustang-p-51d-761-5-radio-control-1-30","status":"publish","type":"product","link":"https:\/\/adventureyankee.com\/?product=avion-mustang-p-51d-761-5-radio-control-1-30","title":{"rendered":"Avi\u00f3n Mustang P-51D 761-5 -Radio Control  1\/30"},"content":{"rendered":"<p><span class=\"relative -mx-px my-[-0.2rem] rounded px-px py-[0.2rem] transition-colors duration-100 ease-in-out\">El <strong data-start=\"3\" data-end=\"42\">VolantexRC P-51D Mustang V2 (761-5)<\/strong> es un avi\u00f3n a control remoto de 4 canales, listo para volar (RTF), ideal para principiantes y entusiastas del modelismo a\u00e9reo.<\/span> <span class=\"relative -mx-px my-[-0.2rem] rounded px-px py-[0.2rem] transition-colors duration-100 ease-in-out\">Inspirado en el ic\u00f3nico caza P-51D Mustang de la Segunda Guerra Mundial, este modelo ofrece una experiencia de vuelo estable y realista, gracias a su sistema de estabilizaci\u00f3n girosc\u00f3pica de 6 ejes y modos de vuelo ajustables.<\/span> <span class=\"relative -mx-px my-[-0.2rem] rounded px-px py-[0.2rem] transition-colors duration-100 ease-in-out\">Fabricado con espuma EPP resistente, es perfecto para vuelos en interiores y exteriores<\/span><\/p>\n","protected":false},"excerpt":{"rendered":"<p data-start=\"170\" data-end=\"710\"><strong data-start=\"170\" data-end=\"181\">Dise\u00f1o:<\/strong> R\u00e9plica a escala del ic\u00f3nico P-51D Mustang, con envergadura de 400 mm y longitud de 317 mm.<br data-start=\"273\" data-end=\"276\" \/><strong data-start=\"276\" data-end=\"289\">Material:<\/strong> Espuma EPP ultraligera y resistente con refuerzos de carbono.<br data-start=\"351\" data-end=\"354\" \/><strong data-start=\"354\" data-end=\"364\" data-is-only-node=\"\">Motor:<\/strong> Potente micro motor sin escobillas de 10 mm para vuelos estables y maniobrables.<br data-start=\"445\" data-end=\"448\" \/><strong data-start=\"448\" data-end=\"467\">Estabilizaci\u00f3n:<\/strong> Giroscopio de 6 ejes con modos de vuelo principiante, intermedio y experto.<br data-start=\"543\" data-end=\"546\" \/><strong data-start=\"546\" data-end=\"561\">Acrobacias:<\/strong> Funci\u00f3n de acrobacias con un solo bot\u00f3n para giros y maniobras r\u00e1pidas.<br data-start=\"633\" data-end=\"636\" \/><strong data-start=\"636\" data-end=\"650\">Autonom\u00eda:<\/strong> Hasta 14 minutos de vuelo con m\u00e1s de 100 metros de alcance.<\/p>\n","protected":false},"featured_media":1296,"comment_status":"open","ping_status":"closed","template":"","meta":[],"product_brand":[],"product_cat":[66],"product_tag":[],"class_list":{"0":"post-1178","1":"product","2":"type-product","3":"status-publish","4":"has-post-thumbnail","6":"product_cat-aeromodelismo","7":"product_shipping_class-delivery-gratis","9":"first","10":"instock","11":"shipping-taxable","12":"purchasable","13":"product-type-simple"},"_links":{"self":[{"href":"https:\/\/adventureyankee.com\/index.php?rest_route=\/wp\/v2\/product\/1178","targetHints":{"allow":["GET"]}}],"collection":[{"href":"https:\/\/adventureyankee.com\/index.php?rest_route=\/wp\/v2\/product"}],"about":[{"href":"https:\/\/adventureyankee.com\/index.php?rest_route=\/wp\/v2\/types\/product"}],"replies":[{"embeddable":true,"href":"https:\/\/adventureyankee.com\/index.php?rest_route=%2Fwp%2Fv2%2Fcomments&post=1178"}],"wp:featuredmedia":[{"embeddable":true,"href":"https:\/\/adventureyankee.com\/index.php?rest_route=\/wp\/v2\/media\/1296"}],"wp:attachment":[{"href":"https:\/\/adventureyankee.com\/index.php?rest_route=%2Fwp%2Fv2%2Fmedia&parent=1178"}],"wp:term":[{"taxonomy":"product_brand","embeddable":true,"href":"https:\/\/adventureyankee.com\/index.php?rest_route=%2Fwp%2Fv2%2Fproduct_brand&post=1178"},{"taxonomy":"product_cat","embeddable":true,"href":"https:\/\/adventureyankee.com\/index.php?rest_route=%2Fwp%2Fv2%2Fproduct_cat&post=1178"},{"taxonomy":"product_tag","embeddable":true,"href":"https:\/\/adventureyankee.com\/index.php?rest_route=%2Fwp%2Fv2%2Fproduct_tag&post=1178"}],"curies":[{"name":"wp","href":"https:\/\/api.w.org\/{rel}","templated":true}]}}