{"id":1177,"date":"2026-02-12T16:02:18","date_gmt":"2026-02-12T15:02:18","guid":{"rendered":"https:\/\/adventureyankee.com\/?post_type=product&#038;p=1177"},"modified":"2026-02-12T16:04:40","modified_gmt":"2026-02-12T15:04:40","slug":"avion-xk-a220-curtis-p-40-warhawk-a-control","status":"publish","type":"product","link":"https:\/\/adventureyankee.com\/?product=avion-xk-a220-curtis-p-40-warhawk-a-control","title":{"rendered":"Avion XK A220 CURTIS P-40 Warhawk a Control"},"content":{"rendered":"<p data-start=\"263\" data-end=\"453\"><span class=\"relative -mx-px my-[-0.2rem] rounded px-px py-[0.2rem] transition-colors duration-100 ease-in-out\">El <strong data-start=\"3\" data-end=\"27\">XK A220 P-40 Warhawk<\/strong> es un avi\u00f3n a control remoto de 4 canales, dise\u00f1ado para principiantes y entusiastas del modelismo a\u00e9reo.<\/span> <span class=\"relative -mx-px my-[-0.2rem] rounded px-px py-[0.2rem] transition-colors duration-100 ease-in-out\">Inspirado en el ic\u00f3nico caza Curtiss P-40 de la Segunda Guerra Mundial, este modelo ofrece una experiencia de vuelo estable y realista, gracias a su sistema de giroscopio de 6 ejes y modos de vuelo 3D\/6G intercambiables.<\/span> <span class=\"relative -mx-px my-[-0.2rem] rounded px-px py-[0.2rem] transition-colors duration-100 ease-in-out\">Fabricado con materiales duraderos como EPP y pl\u00e1sticos de ingenier\u00eda, es ideal para vuelos en interiores y exteriores.<\/span><\/p>\n","protected":false},"excerpt":{"rendered":"<p data-start=\"118\" data-end=\"572\"><strong data-start=\"118\" data-end=\"127\">Tipo:<\/strong> Avi\u00f3n de combate RC escala hist\u00f3rica, listo para volar (RTF)<br data-start=\"188\" data-end=\"191\" \/><strong data-start=\"191\" data-end=\"202\">Dise\u00f1o:<\/strong> R\u00e9plica del cl\u00e1sico Curtiss P-40 Warhawk de la Segunda Guerra Mundial<br data-start=\"272\" data-end=\"275\" \/><strong data-start=\"275\" data-end=\"288\" data-is-only-node=\"\">Material:<\/strong> EPP ultraligero con componentes de ingenier\u00eda de alta resistencia<br data-start=\"354\" data-end=\"357\" \/><strong data-start=\"357\" data-end=\"371\">Autonom\u00eda:<\/strong> Hasta 10 minutos de vuelo continuo por carga<br data-start=\"416\" data-end=\"419\" \/><strong data-start=\"419\" data-end=\"435\">Estabilidad:<\/strong> Giroscopio de 6 ejes con modos 3D\/6G intercambiables<br data-start=\"488\" data-end=\"491\" \/><strong data-start=\"491\" data-end=\"512\">Facilidad de uso:<\/strong> Ideal para principiantes y entusiastas del vuelo realista<br \/>\nIncluye Cargador y Bateria<\/p>\n","protected":false},"featured_media":1292,"comment_status":"open","ping_status":"closed","template":"","meta":[],"product_brand":[],"product_cat":[66],"product_tag":[],"class_list":{"0":"post-1177","1":"product","2":"type-product","3":"status-publish","4":"has-post-thumbnail","6":"product_cat-aeromodelismo","7":"product_shipping_class-delivery-gratis","9":"first","10":"outofstock","11":"shipping-taxable","12":"purchasable","13":"product-type-simple"},"_links":{"self":[{"href":"https:\/\/adventureyankee.com\/index.php?rest_route=\/wp\/v2\/product\/1177","targetHints":{"allow":["GET"]}}],"collection":[{"href":"https:\/\/adventureyankee.com\/index.php?rest_route=\/wp\/v2\/product"}],"about":[{"href":"https:\/\/adventureyankee.com\/index.php?rest_route=\/wp\/v2\/types\/product"}],"replies":[{"embeddable":true,"href":"https:\/\/adventureyankee.com\/index.php?rest_route=%2Fwp%2Fv2%2Fcomments&post=1177"}],"wp:featuredmedia":[{"embeddable":true,"href":"https:\/\/adventureyankee.com\/index.php?rest_route=\/wp\/v2\/media\/1292"}],"wp:attachment":[{"href":"https:\/\/adventureyankee.com\/index.php?rest_route=%2Fwp%2Fv2%2Fmedia&parent=1177"}],"wp:term":[{"taxonomy":"product_brand","embeddable":true,"href":"https:\/\/adventureyankee.com\/index.php?rest_route=%2Fwp%2Fv2%2Fproduct_brand&post=1177"},{"taxonomy":"product_cat","embeddable":true,"href":"https:\/\/adventureyankee.com\/index.php?rest_route=%2Fwp%2Fv2%2Fproduct_cat&post=1177"},{"taxonomy":"product_tag","embeddable":true,"href":"https:\/\/adventureyankee.com\/index.php?rest_route=%2Fwp%2Fv2%2Fproduct_tag&post=1177"}],"curies":[{"name":"wp","href":"https:\/\/api.w.org\/{rel}","templated":true}]}}