{"id":1176,"date":"2026-02-12T16:02:18","date_gmt":"2026-02-12T15:02:18","guid":{"rendered":"https:\/\/adventureyankee.com\/?post_type=product&#038;p=1176"},"modified":"2026-02-12T16:04:33","modified_gmt":"2026-02-12T15:04:33","slug":"wpl-suzuki-jimny-rtr-escala-1-10","status":"publish","type":"product","link":"https:\/\/adventureyankee.com\/?product=wpl-suzuki-jimny-rtr-escala-1-10","title":{"rendered":"WPL SUZUKI JIMNY RTR Escala 1\/10"},"content":{"rendered":"<p class=\"p1\">El WPL Suzuki Jimny RTR en escala 1\/10 es un modelo de coche radiocontrolado listo para usar (Ready To Run, RTR), dise\u00f1ado para replicar el estilo y robustez del Suzuki Jimny original, con detalles realistas.\u00a0Este veh\u00edculo destaca por su versatilidad en la transmisi\u00f3n, ya que puede configurarse tanto en tracci\u00f3n 4&#215;4 (4WD) como en tracci\u00f3n trasera (RWD), aunque la configuraci\u00f3n de serie suele ser 4WD.<span class=\"Apple-converted-space\">\u00a0<\/span><\/p>\n","protected":false},"excerpt":{"rendered":"<p class=\"p1\">Escala 1\/10.<br \/>\nTransmisi\u00f3n 4WD y RWD.<span class=\"Apple-converted-space\">\u00a0<\/span><br \/>\nControl con frecuencia de 2.4 GHz.<br \/>\nDise\u00f1ado para terrenos off-road y aventuras de rock crawling<span class=\"Apple-converted-space\">\u00a0<\/span><br \/>\nIncluye cargador y Bateria.<br \/>\nColor sujeto a disponibilidad de stock\u2026<\/p>\n","protected":false},"featured_media":1284,"comment_status":"open","ping_status":"closed","template":"","meta":[],"product_brand":[],"product_cat":[41,42],"product_tag":[],"class_list":{"0":"post-1176","1":"product","2":"type-product","3":"status-publish","4":"has-post-thumbnail","6":"product_cat-automodelismo","7":"product_cat-off-road","9":"first","10":"instock","11":"shipping-taxable","12":"purchasable","13":"product-type-simple"},"_links":{"self":[{"href":"https:\/\/adventureyankee.com\/index.php?rest_route=\/wp\/v2\/product\/1176","targetHints":{"allow":["GET"]}}],"collection":[{"href":"https:\/\/adventureyankee.com\/index.php?rest_route=\/wp\/v2\/product"}],"about":[{"href":"https:\/\/adventureyankee.com\/index.php?rest_route=\/wp\/v2\/types\/product"}],"replies":[{"embeddable":true,"href":"https:\/\/adventureyankee.com\/index.php?rest_route=%2Fwp%2Fv2%2Fcomments&post=1176"}],"wp:featuredmedia":[{"embeddable":true,"href":"https:\/\/adventureyankee.com\/index.php?rest_route=\/wp\/v2\/media\/1284"}],"wp:attachment":[{"href":"https:\/\/adventureyankee.com\/index.php?rest_route=%2Fwp%2Fv2%2Fmedia&parent=1176"}],"wp:term":[{"taxonomy":"product_brand","embeddable":true,"href":"https:\/\/adventureyankee.com\/index.php?rest_route=%2Fwp%2Fv2%2Fproduct_brand&post=1176"},{"taxonomy":"product_cat","embeddable":true,"href":"https:\/\/adventureyankee.com\/index.php?rest_route=%2Fwp%2Fv2%2Fproduct_cat&post=1176"},{"taxonomy":"product_tag","embeddable":true,"href":"https:\/\/adventureyankee.com\/index.php?rest_route=%2Fwp%2Fv2%2Fproduct_tag&post=1176"}],"curies":[{"name":"wp","href":"https:\/\/api.w.org\/{rel}","templated":true}]}}