{"id":1036,"date":"2026-02-12T16:01:03","date_gmt":"2026-02-12T15:01:03","guid":{"rendered":"https:\/\/adventureyankee.com\/?post_type=product&#038;p=1036"},"modified":"2026-02-12T16:01:47","modified_gmt":"2026-02-12T15:01:47","slug":"lancha-rapida-electrica-con-control-remoto-goolrc-wltoys-wl917","status":"publish","type":"product","link":"https:\/\/adventureyankee.com\/?product=lancha-rapida-electrica-con-control-remoto-goolrc-wltoys-wl917","title":{"rendered":"Lancha R\u00e1pida El\u00e9ctrica con Control Remoto GoolRC WLtoys WL917"},"content":{"rendered":"<p data-start=\"504\" data-end=\"891\">El <strong data-start=\"532\" data-end=\"555\">GoolRC WLtoys WL917<\/strong> es el barco RC perfecto para quienes buscan velocidad y control en el agua. Con una <strong data-start=\"640\" data-end=\"677\">velocidad m\u00e1xima de hasta 16 km\/h<\/strong>, este barco te ofrece una experiencia de navegaci\u00f3n r\u00e1pida y divertida. Su <strong data-start=\"753\" data-end=\"781\">control remoto de 2.4GHz<\/strong> asegura un manejo sin interferencias, brind\u00e1ndote un rango de control m\u00e1s extenso y una conducci\u00f3n precisa.<\/p>\n<p data-start=\"893\" data-end=\"1251\">Equipado con un <strong data-start=\"909\" data-end=\"946\">sistema de refrigeraci\u00f3n por agua<\/strong>, el WL917 mantiene el motor en una temperatura \u00f3ptima durante toda la operaci\u00f3n, evitando el sobrecalentamiento. Adem\u00e1s, la <strong data-start=\"1071\" data-end=\"1110\">funci\u00f3n de autocorrecci\u00f3n de vuelco<\/strong> permite que el barco se recupere autom\u00e1ticamente si se voltea, lo que te asegura estabilidad y un manejo m\u00e1s f\u00e1cil en cualquier condici\u00f3n.<\/p>\n<p data-start=\"1253\" data-end=\"1534\">Con una <strong data-start=\"1261\" data-end=\"1301\">bater\u00eda recargable de larga duraci\u00f3n<\/strong>, el <strong data-start=\"1306\" data-end=\"1329\">GoolRC WLtoys WL917<\/strong> te permite disfrutar de carreras y aventuras acu\u00e1ticas prolongadas. Este barco RC es ideal para entusiastas de la velocidad y la diversi\u00f3n en el agua. \u00a1<strong data-start=\"1482\" data-end=\"1534\">Haz tu compra ahora y disfruta de env\u00edos gratis!<\/strong><\/p>\n","protected":false},"excerpt":{"rendered":"<p><strong data-start=\"137\" data-end=\"174\">Velocidad m\u00e1xima de hasta 16 km\/h<\/strong>, ideal para carreras emocionantes.<br data-start=\"209\" data-end=\"212\" \/><strong data-start=\"215\" data-end=\"240\">Control remoto 2.4GHz<\/strong>, sin interferencias y de largo alcance.<br data-start=\"280\" data-end=\"283\" \/><strong data-start=\"286\" data-end=\"323\">Sistema de refrigeraci\u00f3n por agua<\/strong>, protegiendo el motor.<br data-start=\"346\" data-end=\"349\" \/><strong data-start=\"352\" data-end=\"391\">Funci\u00f3n de autocorrecci\u00f3n de vuelco<\/strong> para mayor estabilidad.<br data-start=\"415\" data-end=\"418\" \/><strong data-start=\"421\" data-end=\"461\">Bater\u00eda recargable de larga duraci\u00f3n<\/strong>, disfruta de m\u00e1s tiempo de navegaci\u00f3n.<\/p>\n","protected":false},"featured_media":1115,"comment_status":"open","ping_status":"closed","template":"","meta":[],"product_brand":[53],"product_cat":[52],"product_tag":[149,150,151,152,153,154,155,156,157,133],"class_list":{"0":"post-1036","1":"product","2":"type-product","3":"status-publish","4":"has-post-thumbnail","6":"product_brand-wltoy","7":"product_cat-lanchas","8":"product_tag-barco-electrico-rc","9":"product_tag-barco-rc-2-4ghz","10":"product_tag-barco-rc-con-autocorreccion","11":"product_tag-barco-rc-refrigeracion","12":"product_tag-barco-teledirigido","13":"product_tag-goolrc-wltoys-wl917","14":"product_tag-juguete-acuatico-rc","15":"product_tag-lancha-de-carreras","16":"product_tag-lancha-electrica-teledirigida","17":"product_tag-lancha-rc-rapida","18":"product_shipping_class-delivery-gratis","20":"first","21":"instock","22":"shipping-taxable","23":"purchasable","24":"product-type-simple"},"_links":{"self":[{"href":"https:\/\/adventureyankee.com\/index.php?rest_route=\/wp\/v2\/product\/1036","targetHints":{"allow":["GET"]}}],"collection":[{"href":"https:\/\/adventureyankee.com\/index.php?rest_route=\/wp\/v2\/product"}],"about":[{"href":"https:\/\/adventureyankee.com\/index.php?rest_route=\/wp\/v2\/types\/product"}],"replies":[{"embeddable":true,"href":"https:\/\/adventureyankee.com\/index.php?rest_route=%2Fwp%2Fv2%2Fcomments&post=1036"}],"wp:featuredmedia":[{"embeddable":true,"href":"https:\/\/adventureyankee.com\/index.php?rest_route=\/wp\/v2\/media\/1115"}],"wp:attachment":[{"href":"https:\/\/adventureyankee.com\/index.php?rest_route=%2Fwp%2Fv2%2Fmedia&parent=1036"}],"wp:term":[{"taxonomy":"product_brand","embeddable":true,"href":"https:\/\/adventureyankee.com\/index.php?rest_route=%2Fwp%2Fv2%2Fproduct_brand&post=1036"},{"taxonomy":"product_cat","embeddable":true,"href":"https:\/\/adventureyankee.com\/index.php?rest_route=%2Fwp%2Fv2%2Fproduct_cat&post=1036"},{"taxonomy":"product_tag","embeddable":true,"href":"https:\/\/adventureyankee.com\/index.php?rest_route=%2Fwp%2Fv2%2Fproduct_tag&post=1036"}],"curies":[{"name":"wp","href":"https:\/\/api.w.org\/{rel}","templated":true}]}}